{"id":6,"date":"2019-10-08T16:08:17","date_gmt":"2019-10-08T14:08:17","guid":{"rendered":"https:\/\/yrek.pl\/index.php\/o-nas\/"},"modified":"2023-11-26T13:43:19","modified_gmt":"2023-11-26T12:43:19","slug":"o-nas","status":"publish","type":"page","link":"https:\/\/yrek.pl\/index.php\/o-nas\/","title":{"rendered":"O NAS"},"content":{"rendered":"<p>[et_pb_section fb_built=&#8221;1&#8243; admin_label=&#8221;Hero Section&#8221; _builder_version=&#8221;4.16&#8243; background_color=&#8221;#000000&#8243; custom_padding=&#8221;0|0px|0px|0px&#8221; global_colors_info=&#8221;{}&#8221;][et_pb_row column_structure=&#8221;1_2,1_2&#8243; use_custom_gutter=&#8221;on&#8221; make_equal=&#8221;on&#8221; _builder_version=&#8221;4.16&#8243; width=&#8221;100%&#8221; max_width=&#8221;100%&#8221; custom_padding=&#8221;0px|0|0px|||&#8221; use_custom_width=&#8221;on&#8221; width_unit=&#8221;off&#8221; custom_width_percent=&#8221;100%&#8221; global_colors_info=&#8221;{}&#8221;][et_pb_column type=&#8221;1_2&#8243; _builder_version=&#8221;4.16&#8243; custom_padding=&#8221;200px|4%|200px|8%&#8221; custom_padding_tablet=&#8221;60px|10%|60px|10%&#8221; custom_padding_phone=&#8221;&#8221; custom_padding_last_edited=&#8221;on|tablet&#8221; global_colors_info=&#8221;{}&#8221; padding_tablet=&#8221;60px|10%|60px|10%&#8221; padding_last_edited=&#8221;on|tablet&#8221; custom_padding__hover=&#8221;|||&#8221; padding_phone=&#8221;60px|10%|60px|10%&#8221;][et_pb_text _builder_version=&#8221;4.22.1&#8243; text_font=&#8221;Montserrat||||||||&#8221; text_text_color=&#8221;#ffffff&#8221; text_font_size=&#8221;15px&#8221; text_line_height=&#8221;1.8em&#8221; header_font=&#8221;Alegreya||||||||&#8221; header_text_color=&#8221;#ffffff&#8221; header_font_size=&#8221;56px&#8221; header_line_height=&#8221;1.4em&#8221; header_2_font=&#8221;Actor||||||||&#8221; header_3_font=&#8221;Karla||||||||&#8221; header_3_text_color=&#8221;#e09900&#8243; max_width=&#8221;600px&#8221; custom_margin=&#8221;-9px|||||&#8221; custom_padding=&#8221;||0px|||&#8221; hover_enabled=&#8221;0&#8243; header_font_size_tablet=&#8221;40px&#8221; header_font_size_phone=&#8221;&#8221; header_font_size_last_edited=&#8221;on|tablet&#8221; locked=&#8221;off&#8221; global_colors_info=&#8221;{}&#8221; sticky_enabled=&#8221;0&#8243;]<\/p>\n<h1>Yrek studio projektowe<\/h1>\n<h3><\/h3>\n<p>Firma oferuj\u0105ca kompleksowe us\u0142ugi projektowe w zakresie architektury i aran\u017cacji wn\u0119trz.Ka\u017cde nowe zadanie jest dla nas wyzwaniem, do kt\u00f3rego podchodzimy z pe\u0142nym zaanga\u017cowaniem. Posiadane przez nas do\u015bwiadczenie pozwala na kompleksow\u0105 obs\u0142ug\u0119 inwestycji. \u0141\u0105czymy profesjonalizm, rzetelno\u015b\u0107 i rozs\u0105dek z dba\u0142o\u015bci\u0105 o jako\u015b\u0107, oryginalno\u015b\u0107 i funkcjonalno\u015b\u0107 proponowanych rozwi\u0105za\u0144. Na pierwszym miejscu stawiamy satysfakcj\u0119 naszych klient\u00f3w do ich wytycznych i oczekiwa\u0144 dopasowuj\u0105c prezentowane pomys\u0142y projektowe. Naszym celem jest \u015bwiadome tworzenie przyjaznej przestrzeni s\u0142u\u017c\u0105cej potrzebom u\u017cytkownik\u00f3w.[\/et_pb_text][\/et_pb_column][et_pb_column type=&#8221;1_2&#8243; _builder_version=&#8221;4.16&#8243; use_background_color_gradient=&#8221;on&#8221; background_color_gradient_stops=&#8221;rgba(18,18,18,0.5) 0%|#121212 100%&#8221; background_color_gradient_overlays_image=&#8221;on&#8221; background_color_gradient_start=&#8221;rgba(18,18,18,0.5)&#8221; background_color_gradient_end=&#8221;#121212&#8243; background_image=&#8221;https:\/\/yrek.pl\/wp-content\/uploads\/2019\/10\/ZDJ\u0118CIE-DO-HOME-1-STRONA.jpg&#8221; custom_padding=&#8221;100px||100px|&#8221; custom_padding_tablet=&#8221;60px||60px|&#8221; custom_padding_phone=&#8221;&#8221; custom_padding_last_edited=&#8221;on|desktop&#8221; global_colors_info=&#8221;{}&#8221; padding_tablet=&#8221;60px||60px|&#8221; padding_last_edited=&#8221;on|desktop&#8221; custom_padding__hover=&#8221;|||&#8221; padding_phone=&#8221;60px||60px|&#8221;][et_pb_image src=&#8221;https:\/\/yrek.pl\/wp-content\/uploads\/2023\/11\/1-8624e169-27ea-48b4-a305-9bcd91364135-512&#215;512.jpg&#8221; align_tablet=&#8221;center&#8221; align_phone=&#8221;&#8221; align_last_edited=&#8221;on|desktop&#8221; _builder_version=&#8221;4.22.1&#8243; max_width=&#8221;91%&#8221; max_width_tablet=&#8221;&#8221; max_width_phone=&#8221;&#8221; max_width_last_edited=&#8221;on|desktop&#8221; custom_margin=&#8221;5%|||-8%|false|false&#8221; custom_margin_tablet=&#8221;60px|60px|60px|60px&#8221; custom_margin_phone=&#8221;&#8221; custom_margin_last_edited=&#8221;on|desktop&#8221; custom_padding=&#8221;|||&#8221; animation_style=&#8221;fold&#8221; animation_direction=&#8221;right&#8221; animation_starting_opacity=&#8221;50%&#8221; hover_enabled=&#8221;0&#8243; box_shadow_style=&#8221;preset3&#8243; box_shadow_blur=&#8221;80px&#8221; global_colors_info=&#8221;{}&#8221; max_width__hover_enabled=&#8221;on|desktop&#8221; max_width__hover=&#8221;91%&#8221; title_text=&#8221;0-e8dad426-a8b2-4e94-aa0a-bdefef27a3d7-512&#215;512&#8243; sticky_enabled=&#8221;0&#8243;][\/et_pb_image][\/et_pb_column][\/et_pb_row][\/et_pb_section][et_pb_section fb_built=&#8221;1&#8243; admin_label=&#8221;Welcome &#038; About Us&#8221; _builder_version=&#8221;4.16&#8243; background_enable_color=&#8221;off&#8221; background_enable_image=&#8221;off&#8221; min_height=&#8221;201px&#8221; custom_padding=&#8221;0%|0px|0.1%|0px||&#8221; global_colors_info=&#8221;{}&#8221;][et_pb_row _builder_version=&#8221;4.16&#8243; custom_margin=&#8221;|auto||396px||&#8221; custom_padding=&#8221;||4px|||&#8221; animation_style=&#8221;fade&#8221; global_colors_info=&#8221;{}&#8221;][et_pb_column type=&#8221;4_4&#8243; _builder_version=&#8221;4.16&#8243; custom_padding=&#8221;|||&#8221; global_colors_info=&#8221;{}&#8221; custom_padding__hover=&#8221;|||&#8221;][et_pb_text _builder_version=&#8221;4.16&#8243; text_font=&#8221;Montserrat||||||||&#8221; text_text_color=&#8221;#000000&#8243; text_font_size=&#8221;17px&#8221; text_line_height=&#8221;2.2em&#8221; header_font=&#8221;||||||||&#8221; header_4_font=&#8221;Cormorant Garamond|300||on|||||&#8221; header_4_font_size=&#8221;13px&#8221; header_4_line_height=&#8221;1.8em&#8221; text_orientation=&#8221;center&#8221; background_layout=&#8221;dark&#8221; custom_padding=&#8221;3px||0px|||&#8221; animation_style=&#8221;fade&#8221; global_colors_info=&#8221;{}&#8221;]<\/p>\n<p style=\"text-align: center;\">K<span style=\"font-size: medium;\">a\u017cde nowe zadanie jest dla nas wyzwaniem, do kt\u00f3rego podchodzimy z pe\u0142nym zaanga\u017cowaniem. Posiadane przez nas do\u015bwiadczenie <\/span>pozwala na kompleksow\u0105 obs\u0142ug\u0119 inwestycji. \u0141\u0105czymy profesjonalizm, rzetelno\u015b\u0107 i rozs\u0105dek z dba\u0142o\u015bci\u0105 o jako\u015b\u0107, oryginalno\u015b\u0107 i funkcjonalno\u015b\u0107 proponowanych rozwi\u0105za\u0144. Na pierwszym miejscu stawiamy satysfakcj\u0119 naszych klient\u00f3w do ich wytycznych i oczekiwa\u0144 dopasowuj\u0105c prezentowane pomys\u0142y projektowe. Naszym celem jest \u015bwiadome tworzenie przyjaznej przestrzeni s\u0142u\u017c\u0105cej potrzebom u\u017cytkownik\u00f3w.<\/p>\n<p>[\/et_pb_text][\/et_pb_column][\/et_pb_row][et_pb_row column_structure=&#8221;1_4,1_4,1_4,1_4&#8243; use_custom_gutter=&#8221;on&#8221; gutter_width=&#8221;1&#8243; _builder_version=&#8221;4.16&#8243; width=&#8221;100%&#8221; max_width=&#8221;100%&#8221; custom_padding=&#8221;||0px|||&#8221; global_colors_info=&#8221;{}&#8221;][et_pb_column type=&#8221;1_4&#8243; _builder_version=&#8221;4.16&#8243; global_colors_info=&#8221;{}&#8221;][et_pb_image src=&#8221;https:\/\/yrek.pl\/wp-content\/uploads\/2019\/10\/5.jpg&#8221; _builder_version=&#8221;4.16&#8243; global_colors_info=&#8221;{}&#8221;][\/et_pb_image][\/et_pb_column][et_pb_column type=&#8221;1_4&#8243; _builder_version=&#8221;4.16&#8243; global_colors_info=&#8221;{}&#8221;][et_pb_image src=&#8221;https:\/\/yrek.pl\/wp-content\/uploads\/2019\/10\/3.jpg&#8221; _builder_version=&#8221;4.16&#8243; global_colors_info=&#8221;{}&#8221;][\/et_pb_image][\/et_pb_column][et_pb_column type=&#8221;1_4&#8243; _builder_version=&#8221;4.16&#8243; global_colors_info=&#8221;{}&#8221;][et_pb_image src=&#8221;https:\/\/yrek.pl\/wp-content\/uploads\/2019\/10\/1-2.jpg&#8221; _builder_version=&#8221;4.16&#8243; global_colors_info=&#8221;{}&#8221;][\/et_pb_image][\/et_pb_column][et_pb_column type=&#8221;1_4&#8243; _builder_version=&#8221;4.16&#8243; global_colors_info=&#8221;{}&#8221;][et_pb_image src=&#8221;https:\/\/yrek.pl\/wp-content\/uploads\/2019\/10\/18.png&#8221; _builder_version=&#8221;4.16&#8243; global_colors_info=&#8221;{}&#8221;][\/et_pb_image][\/et_pb_column][\/et_pb_row][\/et_pb_section]<\/p>\n","protected":false},"excerpt":{"rendered":"<p>Yrek studio projektoweFirma oferuj\u0105ca kompleksowe us\u0142ugi projektowe w zakresie architektury i aran\u017cacji wn\u0119trz.Ka\u017cde nowe zadanie jest dla nas wyzwaniem, do kt\u00f3rego podchodzimy z pe\u0142nym zaanga\u017cowaniem. Posiadane przez nas do\u015bwiadczenie pozwala na kompleksow\u0105 obs\u0142ug\u0119 inwestycji. \u0141\u0105czymy profesjonalizm, rzetelno\u015b\u0107 i rozs\u0105dek z dba\u0142o\u015bci\u0105 o jako\u015b\u0107, oryginalno\u015b\u0107 i funkcjonalno\u015b\u0107 proponowanych rozwi\u0105za\u0144. Na pierwszym miejscu stawiamy satysfakcj\u0119 naszych klient\u00f3w [&hellip;]<\/p>\n","protected":false},"author":1,"featured_media":2732,"parent":0,"menu_order":0,"comment_status":"closed","ping_status":"closed","template":"","meta":{"_et_pb_use_builder":"on","_et_pb_old_content":"","_et_gb_content_width":"","footnotes":""},"class_list":["post-6","page","type-page","status-publish","has-post-thumbnail","hentry"],"yoast_head":"<!-- This site is optimized with the Yoast SEO plugin v27.4 - https:\/\/yoast.com\/product\/yoast-seo-wordpress\/ -->\n<title>O NAS - YREK<\/title>\n<meta name=\"robots\" content=\"index, follow, max-snippet:-1, max-image-preview:large, max-video-preview:-1\" \/>\n<link rel=\"canonical\" href=\"https:\/\/yrek.pl\/index.php\/o-nas\/\" \/>\n<meta property=\"og:locale\" content=\"pl_PL\" \/>\n<meta property=\"og:type\" content=\"article\" \/>\n<meta property=\"og:title\" content=\"O NAS - YREK\" \/>\n<meta property=\"og:description\" content=\"Yrek studio projektoweFirma oferuj\u0105ca kompleksowe us\u0142ugi projektowe w zakresie architektury i aran\u017cacji wn\u0119trz.Ka\u017cde nowe zadanie jest dla nas wyzwaniem, do kt\u00f3rego podchodzimy z pe\u0142nym zaanga\u017cowaniem. Posiadane przez nas do\u015bwiadczenie pozwala na kompleksow\u0105 obs\u0142ug\u0119 inwestycji. \u0141\u0105czymy profesjonalizm, rzetelno\u015b\u0107 i rozs\u0105dek z dba\u0142o\u015bci\u0105 o jako\u015b\u0107, oryginalno\u015b\u0107 i funkcjonalno\u015b\u0107 proponowanych rozwi\u0105za\u0144. Na pierwszym miejscu stawiamy satysfakcj\u0119 naszych klient\u00f3w [&hellip;]\" \/>\n<meta property=\"og:url\" content=\"https:\/\/yrek.pl\/index.php\/o-nas\/\" \/>\n<meta property=\"og:site_name\" content=\"YREK\" \/>\n<meta property=\"article:modified_time\" content=\"2023-11-26T12:43:19+00:00\" \/>\n<meta property=\"og:image\" content=\"https:\/\/yrek.pl\/wp-content\/uploads\/2021\/11\/24.jpg\" \/>\n\t<meta property=\"og:image:width\" content=\"1920\" \/>\n\t<meta property=\"og:image:height\" content=\"1080\" \/>\n\t<meta property=\"og:image:type\" content=\"image\/jpeg\" \/>\n<meta name=\"twitter:card\" content=\"summary_large_image\" \/>\n<meta name=\"twitter:label1\" content=\"Szacowany czas czytania\" \/>\n\t<meta name=\"twitter:data1\" content=\"4 minuty\" \/>\n<script type=\"application\/ld+json\" class=\"yoast-schema-graph\">{\"@context\":\"https:\\\/\\\/schema.org\",\"@graph\":[{\"@type\":\"WebPage\",\"@id\":\"https:\\\/\\\/yrek.pl\\\/index.php\\\/o-nas\\\/\",\"url\":\"https:\\\/\\\/yrek.pl\\\/index.php\\\/o-nas\\\/\",\"name\":\"O NAS - YREK\",\"isPartOf\":{\"@id\":\"https:\\\/\\\/yrek.pl\\\/#website\"},\"primaryImageOfPage\":{\"@id\":\"https:\\\/\\\/yrek.pl\\\/index.php\\\/o-nas\\\/#primaryimage\"},\"image\":{\"@id\":\"https:\\\/\\\/yrek.pl\\\/index.php\\\/o-nas\\\/#primaryimage\"},\"thumbnailUrl\":\"https:\\\/\\\/yrek.pl\\\/wp-content\\\/uploads\\\/2021\\\/11\\\/24.jpg\",\"datePublished\":\"2019-10-08T14:08:17+00:00\",\"dateModified\":\"2023-11-26T12:43:19+00:00\",\"breadcrumb\":{\"@id\":\"https:\\\/\\\/yrek.pl\\\/index.php\\\/o-nas\\\/#breadcrumb\"},\"inLanguage\":\"pl-PL\",\"potentialAction\":[{\"@type\":\"ReadAction\",\"target\":[\"https:\\\/\\\/yrek.pl\\\/index.php\\\/o-nas\\\/\"]}]},{\"@type\":\"ImageObject\",\"inLanguage\":\"pl-PL\",\"@id\":\"https:\\\/\\\/yrek.pl\\\/index.php\\\/o-nas\\\/#primaryimage\",\"url\":\"https:\\\/\\\/yrek.pl\\\/wp-content\\\/uploads\\\/2021\\\/11\\\/24.jpg\",\"contentUrl\":\"https:\\\/\\\/yrek.pl\\\/wp-content\\\/uploads\\\/2021\\\/11\\\/24.jpg\",\"width\":1920,\"height\":1080},{\"@type\":\"BreadcrumbList\",\"@id\":\"https:\\\/\\\/yrek.pl\\\/index.php\\\/o-nas\\\/#breadcrumb\",\"itemListElement\":[{\"@type\":\"ListItem\",\"position\":1,\"name\":\"Strona g\u0142\u00f3wna\",\"item\":\"https:\\\/\\\/yrek.pl\\\/\"},{\"@type\":\"ListItem\",\"position\":2,\"name\":\"O NAS\"}]},{\"@type\":\"WebSite\",\"@id\":\"https:\\\/\\\/yrek.pl\\\/#website\",\"url\":\"https:\\\/\\\/yrek.pl\\\/\",\"name\":\"YREK\",\"description\":\"Projekty wn\u0119trz i elewacji,  Projekty elewacji Bochnia,  Projekty elewacji Brzesko,  Projekty elewacji Ma\u0142opolska,  Projekty elewacji Krak\u00f3w,  Projekty elewacji online,  Projekty wn\u0119trz Bochnia,  Projekty wn\u0119trz Brzesko,  Projekty wn\u0119trz Krak\u00f3w,  Studio Projektowe Bochnia,  Studio projektowe Brzesko,  Studio Projektowe,  Yrek studio projektowe,  Yrek projekty wn\u0119trz,  projekt elewacji\",\"potentialAction\":[{\"@type\":\"SearchAction\",\"target\":{\"@type\":\"EntryPoint\",\"urlTemplate\":\"https:\\\/\\\/yrek.pl\\\/?s={search_term_string}\"},\"query-input\":{\"@type\":\"PropertyValueSpecification\",\"valueRequired\":true,\"valueName\":\"search_term_string\"}}],\"inLanguage\":\"pl-PL\"}]}<\/script>\n<!-- \/ Yoast SEO plugin. -->","yoast_head_json":{"title":"O NAS - YREK","robots":{"index":"index","follow":"follow","max-snippet":"max-snippet:-1","max-image-preview":"max-image-preview:large","max-video-preview":"max-video-preview:-1"},"canonical":"https:\/\/yrek.pl\/index.php\/o-nas\/","og_locale":"pl_PL","og_type":"article","og_title":"O NAS - YREK","og_description":"Yrek studio projektoweFirma oferuj\u0105ca kompleksowe us\u0142ugi projektowe w zakresie architektury i aran\u017cacji wn\u0119trz.Ka\u017cde nowe zadanie jest dla nas wyzwaniem, do kt\u00f3rego podchodzimy z pe\u0142nym zaanga\u017cowaniem. Posiadane przez nas do\u015bwiadczenie pozwala na kompleksow\u0105 obs\u0142ug\u0119 inwestycji. \u0141\u0105czymy profesjonalizm, rzetelno\u015b\u0107 i rozs\u0105dek z dba\u0142o\u015bci\u0105 o jako\u015b\u0107, oryginalno\u015b\u0107 i funkcjonalno\u015b\u0107 proponowanych rozwi\u0105za\u0144. Na pierwszym miejscu stawiamy satysfakcj\u0119 naszych klient\u00f3w [&hellip;]","og_url":"https:\/\/yrek.pl\/index.php\/o-nas\/","og_site_name":"YREK","article_modified_time":"2023-11-26T12:43:19+00:00","og_image":[{"width":1920,"height":1080,"url":"https:\/\/yrek.pl\/wp-content\/uploads\/2021\/11\/24.jpg","type":"image\/jpeg"}],"twitter_card":"summary_large_image","twitter_misc":{"Szacowany czas czytania":"4 minuty"},"schema":{"@context":"https:\/\/schema.org","@graph":[{"@type":"WebPage","@id":"https:\/\/yrek.pl\/index.php\/o-nas\/","url":"https:\/\/yrek.pl\/index.php\/o-nas\/","name":"O NAS - YREK","isPartOf":{"@id":"https:\/\/yrek.pl\/#website"},"primaryImageOfPage":{"@id":"https:\/\/yrek.pl\/index.php\/o-nas\/#primaryimage"},"image":{"@id":"https:\/\/yrek.pl\/index.php\/o-nas\/#primaryimage"},"thumbnailUrl":"https:\/\/yrek.pl\/wp-content\/uploads\/2021\/11\/24.jpg","datePublished":"2019-10-08T14:08:17+00:00","dateModified":"2023-11-26T12:43:19+00:00","breadcrumb":{"@id":"https:\/\/yrek.pl\/index.php\/o-nas\/#breadcrumb"},"inLanguage":"pl-PL","potentialAction":[{"@type":"ReadAction","target":["https:\/\/yrek.pl\/index.php\/o-nas\/"]}]},{"@type":"ImageObject","inLanguage":"pl-PL","@id":"https:\/\/yrek.pl\/index.php\/o-nas\/#primaryimage","url":"https:\/\/yrek.pl\/wp-content\/uploads\/2021\/11\/24.jpg","contentUrl":"https:\/\/yrek.pl\/wp-content\/uploads\/2021\/11\/24.jpg","width":1920,"height":1080},{"@type":"BreadcrumbList","@id":"https:\/\/yrek.pl\/index.php\/o-nas\/#breadcrumb","itemListElement":[{"@type":"ListItem","position":1,"name":"Strona g\u0142\u00f3wna","item":"https:\/\/yrek.pl\/"},{"@type":"ListItem","position":2,"name":"O NAS"}]},{"@type":"WebSite","@id":"https:\/\/yrek.pl\/#website","url":"https:\/\/yrek.pl\/","name":"YREK","description":"Projekty wn\u0119trz i elewacji,  Projekty elewacji Bochnia,  Projekty elewacji Brzesko,  Projekty elewacji Ma\u0142opolska,  Projekty elewacji Krak\u00f3w,  Projekty elewacji online,  Projekty wn\u0119trz Bochnia,  Projekty wn\u0119trz Brzesko,  Projekty wn\u0119trz Krak\u00f3w,  Studio Projektowe Bochnia,  Studio projektowe Brzesko,  Studio Projektowe,  Yrek studio projektowe,  Yrek projekty wn\u0119trz,  projekt elewacji","potentialAction":[{"@type":"SearchAction","target":{"@type":"EntryPoint","urlTemplate":"https:\/\/yrek.pl\/?s={search_term_string}"},"query-input":{"@type":"PropertyValueSpecification","valueRequired":true,"valueName":"search_term_string"}}],"inLanguage":"pl-PL"}]}},"_links":{"self":[{"href":"https:\/\/yrek.pl\/index.php\/wp-json\/wp\/v2\/pages\/6","targetHints":{"allow":["GET"]}}],"collection":[{"href":"https:\/\/yrek.pl\/index.php\/wp-json\/wp\/v2\/pages"}],"about":[{"href":"https:\/\/yrek.pl\/index.php\/wp-json\/wp\/v2\/types\/page"}],"author":[{"embeddable":true,"href":"https:\/\/yrek.pl\/index.php\/wp-json\/wp\/v2\/users\/1"}],"replies":[{"embeddable":true,"href":"https:\/\/yrek.pl\/index.php\/wp-json\/wp\/v2\/comments?post=6"}],"version-history":[{"count":1,"href":"https:\/\/yrek.pl\/index.php\/wp-json\/wp\/v2\/pages\/6\/revisions"}],"predecessor-version":[{"id":3114,"href":"https:\/\/yrek.pl\/index.php\/wp-json\/wp\/v2\/pages\/6\/revisions\/3114"}],"wp:featuredmedia":[{"embeddable":true,"href":"https:\/\/yrek.pl\/index.php\/wp-json\/wp\/v2\/media\/2732"}],"wp:attachment":[{"href":"https:\/\/yrek.pl\/index.php\/wp-json\/wp\/v2\/media?parent=6"}],"curies":[{"name":"wp","href":"https:\/\/api.w.org\/{rel}","templated":true}]}}