{"id":3174,"date":"2026-01-29T16:15:57","date_gmt":"2026-01-29T15:15:57","guid":{"rendered":"https:\/\/yrek.pl\/?page_id=3174"},"modified":"2026-02-02T10:12:06","modified_gmt":"2026-02-02T09:12:06","slug":"filmy","status":"publish","type":"page","link":"https:\/\/yrek.pl\/index.php\/filmy\/","title":{"rendered":"FILMY"},"content":{"rendered":"<p>[et_pb_section fb_built=&#8221;1&#8243; _builder_version=&#8221;4.16&#8243; background_color=&#8221;#000000&#8243; border_color_all=&#8221;#000000&#8243; global_colors_info=&#8221;{}&#8221;][et_pb_row use_custom_gutter=&#8221;on&#8221; gutter_width=&#8221;2&#8243; _builder_version=&#8221;4.27.0&#8243; background_color=&#8221;#ffffff&#8221; width=&#8221;85%&#8221; max_width=&#8221;85%&#8221; custom_padding=&#8221;45px|35px|25px|35px|false|true&#8221; global_colors_info=&#8221;{}&#8221;][et_pb_column type=&#8221;4_4&#8243; _builder_version=&#8221;4.16&#8243; global_colors_info=&#8221;{}&#8221;][et_pb_text _builder_version=&#8221;4.27.0&#8243; text_font=&#8221;Montserrat||||||||&#8221; text_text_color=&#8221;#000000&#8243; text_font_size=&#8221;15px&#8221; header_2_font=&#8221;Montserrat|||on|||||&#8221; header_2_font_size=&#8221;35px&#8221; header_2_line_height=&#8221;1.4em&#8221; custom_margin=&#8221;||-7px|||&#8221; custom_padding=&#8221;||0px|||&#8221; global_colors_info=&#8221;{}&#8221;]<\/p>\n<h2 style=\"text-align: center;\"><strong>FILMY<\/strong><\/h2>\n<p>[\/et_pb_text][\/et_pb_column][\/et_pb_row][et_pb_row column_structure=&#8221;1_2,1_2&#8243; use_custom_gutter=&#8221;on&#8221; gutter_width=&#8221;2&#8243; _builder_version=&#8221;4.27.0&#8243; background_color=&#8221;#ffffff&#8221; width=&#8221;85%&#8221; max_width=&#8221;85%&#8221; custom_padding=&#8221;0px|35px|50px|35px|false|true&#8221; global_colors_info=&#8221;{}&#8221;][et_pb_column type=&#8221;1_2&#8243; _builder_version=&#8221;4.16&#8243; global_colors_info=&#8221;{}&#8221;][et_pb_video src=&#8221;https:\/\/youtu.be\/gsKLT_FyYlo&#8221; src_tablet=&#8221;https:\/\/youtu.be\/gsKLT_FyYlo&#8221; src_phone=&#8221;https:\/\/youtu.be\/gsKLT_FyYlo&#8221; src_last_edited=&#8221;on|desktop&#8221; _builder_version=&#8221;4.27.0&#8243; _module_preset=&#8221;default&#8221; hover_enabled=&#8221;0&#8243; global_colors_info=&#8221;{}&#8221; src__hover_enabled=&#8221;on|desktop&#8221; src__hover=&#8221;https:\/\/youtu.be\/gsKLT_FyYlo&#8221; sticky_enabled=&#8221;0&#8243;][\/et_pb_video][et_pb_video src=&#8221;https:\/\/youtu.be\/gsKLT_FyYlo&#8221; src_tablet=&#8221;https:\/\/youtu.be\/gsKLT_FyYlo&#8221; src_phone=&#8221;https:\/\/youtu.be\/gsKLT_FyYlo&#8221; src_last_edited=&#8221;on|desktop&#8221; _builder_version=&#8221;4.27.0&#8243; _module_preset=&#8221;default&#8221; global_colors_info=&#8221;{}&#8221; src__hover_enabled=&#8221;on|desktop&#8221; src__hover=&#8221;https:\/\/youtu.be\/gsKLT_FyYlo&#8221;][\/et_pb_video][et_pb_video src=&#8221;https:\/\/youtu.be\/gsKLT_FyYlo&#8221; src_tablet=&#8221;https:\/\/youtu.be\/gsKLT_FyYlo&#8221; src_phone=&#8221;https:\/\/youtu.be\/gsKLT_FyYlo&#8221; src_last_edited=&#8221;on|desktop&#8221; _builder_version=&#8221;4.27.0&#8243; _module_preset=&#8221;default&#8221; global_colors_info=&#8221;{}&#8221; src__hover_enabled=&#8221;on|desktop&#8221; src__hover=&#8221;https:\/\/youtu.be\/gsKLT_FyYlo&#8221;][\/et_pb_video][\/et_pb_column][et_pb_column type=&#8221;1_2&#8243; _builder_version=&#8221;4.16&#8243; global_colors_info=&#8221;{}&#8221;][et_pb_video src=&#8221;https:\/\/youtu.be\/gsKLT_FyYlo&#8221; src_tablet=&#8221;https:\/\/youtu.be\/gsKLT_FyYlo&#8221; src_phone=&#8221;https:\/\/youtu.be\/gsKLT_FyYlo&#8221; src_last_edited=&#8221;on|desktop&#8221; _builder_version=&#8221;4.27.0&#8243; _module_preset=&#8221;default&#8221; hover_enabled=&#8221;0&#8243; global_colors_info=&#8221;{}&#8221; src__hover_enabled=&#8221;on|desktop&#8221; src__hover=&#8221;https:\/\/youtu.be\/gsKLT_FyYlo&#8221; sticky_enabled=&#8221;0&#8243;][\/et_pb_video][\/et_pb_column][\/et_pb_row][\/et_pb_section]<\/p>\n","protected":false},"excerpt":{"rendered":"<p>FILMY<\/p>\n","protected":false},"author":1,"featured_media":0,"parent":0,"menu_order":0,"comment_status":"closed","ping_status":"closed","template":"","meta":{"_et_pb_use_builder":"on","_et_pb_old_content":"","_et_gb_content_width":"","footnotes":""},"class_list":["post-3174","page","type-page","status-publish","hentry"],"yoast_head":"<!-- This site is optimized with the Yoast SEO plugin v27.4 - https:\/\/yoast.com\/product\/yoast-seo-wordpress\/ -->\n<title>FILMY - YREK<\/title>\n<meta name=\"robots\" content=\"index, follow, max-snippet:-1, max-image-preview:large, max-video-preview:-1\" \/>\n<link rel=\"canonical\" href=\"https:\/\/yrek.pl\/index.php\/filmy\/\" \/>\n<meta property=\"og:locale\" content=\"pl_PL\" \/>\n<meta property=\"og:type\" content=\"article\" \/>\n<meta property=\"og:title\" content=\"FILMY - YREK\" \/>\n<meta property=\"og:description\" content=\"FILMY\" \/>\n<meta property=\"og:url\" content=\"https:\/\/yrek.pl\/index.php\/filmy\/\" \/>\n<meta property=\"og:site_name\" content=\"YREK\" \/>\n<meta property=\"article:modified_time\" content=\"2026-02-02T09:12:06+00:00\" \/>\n<meta property=\"og:image\" content=\"https:\/\/yrek.pl\/wp-content\/uploads\/2022\/04\/2-2.jpg\" \/>\n\t<meta property=\"og:image:width\" content=\"1920\" \/>\n\t<meta property=\"og:image:height\" content=\"1080\" \/>\n\t<meta property=\"og:image:type\" content=\"image\/jpeg\" \/>\n<meta name=\"twitter:card\" content=\"summary_large_image\" \/>\n<script type=\"application\/ld+json\" class=\"yoast-schema-graph\">{\"@context\":\"https:\\\/\\\/schema.org\",\"@graph\":[{\"@type\":\"WebPage\",\"@id\":\"https:\\\/\\\/yrek.pl\\\/index.php\\\/filmy\\\/\",\"url\":\"https:\\\/\\\/yrek.pl\\\/index.php\\\/filmy\\\/\",\"name\":\"FILMY - YREK\",\"isPartOf\":{\"@id\":\"https:\\\/\\\/yrek.pl\\\/#website\"},\"datePublished\":\"2026-01-29T15:15:57+00:00\",\"dateModified\":\"2026-02-02T09:12:06+00:00\",\"breadcrumb\":{\"@id\":\"https:\\\/\\\/yrek.pl\\\/index.php\\\/filmy\\\/#breadcrumb\"},\"inLanguage\":\"pl-PL\",\"potentialAction\":[{\"@type\":\"ReadAction\",\"target\":[\"https:\\\/\\\/yrek.pl\\\/index.php\\\/filmy\\\/\"]}]},{\"@type\":\"BreadcrumbList\",\"@id\":\"https:\\\/\\\/yrek.pl\\\/index.php\\\/filmy\\\/#breadcrumb\",\"itemListElement\":[{\"@type\":\"ListItem\",\"position\":1,\"name\":\"Strona g\u0142\u00f3wna\",\"item\":\"https:\\\/\\\/yrek.pl\\\/\"},{\"@type\":\"ListItem\",\"position\":2,\"name\":\"FILMY\"}]},{\"@type\":\"WebSite\",\"@id\":\"https:\\\/\\\/yrek.pl\\\/#website\",\"url\":\"https:\\\/\\\/yrek.pl\\\/\",\"name\":\"YREK\",\"description\":\"Projekty wn\u0119trz i elewacji,  Projekty elewacji Bochnia,  Projekty elewacji Brzesko,  Projekty elewacji Ma\u0142opolska,  Projekty elewacji Krak\u00f3w,  Projekty elewacji online,  Projekty wn\u0119trz Bochnia,  Projekty wn\u0119trz Brzesko,  Projekty wn\u0119trz Krak\u00f3w,  Studio Projektowe Bochnia,  Studio projektowe Brzesko,  Studio Projektowe,  Yrek studio projektowe,  Yrek projekty wn\u0119trz,  projekt elewacji\",\"potentialAction\":[{\"@type\":\"SearchAction\",\"target\":{\"@type\":\"EntryPoint\",\"urlTemplate\":\"https:\\\/\\\/yrek.pl\\\/?s={search_term_string}\"},\"query-input\":{\"@type\":\"PropertyValueSpecification\",\"valueRequired\":true,\"valueName\":\"search_term_string\"}}],\"inLanguage\":\"pl-PL\"}]}<\/script>\n<!-- \/ Yoast SEO plugin. -->","yoast_head_json":{"title":"FILMY - YREK","robots":{"index":"index","follow":"follow","max-snippet":"max-snippet:-1","max-image-preview":"max-image-preview:large","max-video-preview":"max-video-preview:-1"},"canonical":"https:\/\/yrek.pl\/index.php\/filmy\/","og_locale":"pl_PL","og_type":"article","og_title":"FILMY - YREK","og_description":"FILMY","og_url":"https:\/\/yrek.pl\/index.php\/filmy\/","og_site_name":"YREK","article_modified_time":"2026-02-02T09:12:06+00:00","og_image":[{"width":1920,"height":1080,"url":"https:\/\/yrek.pl\/wp-content\/uploads\/2022\/04\/2-2.jpg","type":"image\/jpeg"}],"twitter_card":"summary_large_image","schema":{"@context":"https:\/\/schema.org","@graph":[{"@type":"WebPage","@id":"https:\/\/yrek.pl\/index.php\/filmy\/","url":"https:\/\/yrek.pl\/index.php\/filmy\/","name":"FILMY - YREK","isPartOf":{"@id":"https:\/\/yrek.pl\/#website"},"datePublished":"2026-01-29T15:15:57+00:00","dateModified":"2026-02-02T09:12:06+00:00","breadcrumb":{"@id":"https:\/\/yrek.pl\/index.php\/filmy\/#breadcrumb"},"inLanguage":"pl-PL","potentialAction":[{"@type":"ReadAction","target":["https:\/\/yrek.pl\/index.php\/filmy\/"]}]},{"@type":"BreadcrumbList","@id":"https:\/\/yrek.pl\/index.php\/filmy\/#breadcrumb","itemListElement":[{"@type":"ListItem","position":1,"name":"Strona g\u0142\u00f3wna","item":"https:\/\/yrek.pl\/"},{"@type":"ListItem","position":2,"name":"FILMY"}]},{"@type":"WebSite","@id":"https:\/\/yrek.pl\/#website","url":"https:\/\/yrek.pl\/","name":"YREK","description":"Projekty wn\u0119trz i elewacji,  Projekty elewacji Bochnia,  Projekty elewacji Brzesko,  Projekty elewacji Ma\u0142opolska,  Projekty elewacji Krak\u00f3w,  Projekty elewacji online,  Projekty wn\u0119trz Bochnia,  Projekty wn\u0119trz Brzesko,  Projekty wn\u0119trz Krak\u00f3w,  Studio Projektowe Bochnia,  Studio projektowe Brzesko,  Studio Projektowe,  Yrek studio projektowe,  Yrek projekty wn\u0119trz,  projekt elewacji","potentialAction":[{"@type":"SearchAction","target":{"@type":"EntryPoint","urlTemplate":"https:\/\/yrek.pl\/?s={search_term_string}"},"query-input":{"@type":"PropertyValueSpecification","valueRequired":true,"valueName":"search_term_string"}}],"inLanguage":"pl-PL"}]}},"_links":{"self":[{"href":"https:\/\/yrek.pl\/index.php\/wp-json\/wp\/v2\/pages\/3174","targetHints":{"allow":["GET"]}}],"collection":[{"href":"https:\/\/yrek.pl\/index.php\/wp-json\/wp\/v2\/pages"}],"about":[{"href":"https:\/\/yrek.pl\/index.php\/wp-json\/wp\/v2\/types\/page"}],"author":[{"embeddable":true,"href":"https:\/\/yrek.pl\/index.php\/wp-json\/wp\/v2\/users\/1"}],"replies":[{"embeddable":true,"href":"https:\/\/yrek.pl\/index.php\/wp-json\/wp\/v2\/comments?post=3174"}],"version-history":[{"count":7,"href":"https:\/\/yrek.pl\/index.php\/wp-json\/wp\/v2\/pages\/3174\/revisions"}],"predecessor-version":[{"id":3186,"href":"https:\/\/yrek.pl\/index.php\/wp-json\/wp\/v2\/pages\/3174\/revisions\/3186"}],"wp:attachment":[{"href":"https:\/\/yrek.pl\/index.php\/wp-json\/wp\/v2\/media?parent=3174"}],"curies":[{"name":"wp","href":"https:\/\/api.w.org\/{rel}","templated":true}]}}