{"id":2672,"date":"2021-11-21T09:59:26","date_gmt":"2021-11-21T08:59:26","guid":{"rendered":"https:\/\/yrek.pl\/?page_id=2672"},"modified":"2021-11-21T10:03:20","modified_gmt":"2021-11-21T09:03:20","slug":"dom-jednorodzinny-2","status":"publish","type":"page","link":"https:\/\/yrek.pl\/index.php\/dom-jednorodzinny-2\/","title":{"rendered":"Dom jednorodzinny"},"content":{"rendered":"<p>[et_pb_section fb_built=&#8221;1&#8243; _builder_version=&#8221;3.27.4&#8243; background_color=&#8221;#000000&#8243; border_color_all=&#8221;#000000&#8243;][et_pb_row use_custom_gutter=&#8221;on&#8221; gutter_width=&#8221;2&#8243; _builder_version=&#8221;3.27.4&#8243; background_color=&#8221;#ffffff&#8221; width=&#8221;85%&#8221; max_width=&#8221;85%&#8221; custom_padding=&#8221;35px|35px|35px|35px|true|true&#8221;][et_pb_column type=&#8221;4_4&#8243; _builder_version=&#8221;3.27.4&#8243;][et_pb_text _builder_version=&#8221;4.9.10&#8243; header_font=&#8221;Montserrat||||||||&#8221; header_text_align=&#8221;center&#8221; header_text_color=&#8221;#000000&#8243; hover_enabled=&#8221;0&#8243; sticky_enabled=&#8221;0&#8243;]<\/p>\n<h1 style=\"text-align: center;\">dom jednorodzinny<\/h1>\n<p>[\/et_pb_text][et_pb_gallery gallery_ids=&#8221;2679,2677,2678,2676,2675&#8243; posts_number=&#8221;50&#8243; show_title_and_caption=&#8221;off&#8221; show_pagination=&#8221;off&#8221; zoom_icon_color=&#8221;rgba(0,0,0,0.58)&#8221; hover_overlay_color=&#8221;rgba(255,255,255,0.48)&#8221; hover_icon=&#8221;%%51%%&#8221; admin_label=&#8221;Galeria&#8221; _builder_version=&#8221;4.9.10&#8243; custom_padding=&#8221;|39px||39px|false|true&#8221; hover_enabled=&#8221;0&#8243; border_color_all_image=&#8221;#000000&#8243; box_shadow_style_image=&#8221;preset2&#8243; sticky_enabled=&#8221;0&#8243;][\/et_pb_gallery][\/et_pb_column][\/et_pb_row][\/et_pb_section]<\/p>\n","protected":false},"excerpt":{"rendered":"<p>dom jednorodzinny<\/p>\n","protected":false},"author":1,"featured_media":0,"parent":0,"menu_order":0,"comment_status":"closed","ping_status":"closed","template":"","meta":{"_et_pb_use_builder":"on","_et_pb_old_content":"","_et_gb_content_width":"","footnotes":""},"class_list":["post-2672","page","type-page","status-publish","hentry"],"yoast_head":"<!-- This site is optimized with the Yoast SEO plugin v27.4 - https:\/\/yoast.com\/product\/yoast-seo-wordpress\/ -->\n<title>Dom jednorodzinny - YREK<\/title>\n<meta name=\"robots\" content=\"index, follow, max-snippet:-1, max-image-preview:large, max-video-preview:-1\" \/>\n<link rel=\"canonical\" href=\"https:\/\/yrek.pl\/index.php\/dom-jednorodzinny-2\/\" \/>\n<meta property=\"og:locale\" content=\"pl_PL\" \/>\n<meta property=\"og:type\" content=\"article\" \/>\n<meta property=\"og:title\" content=\"Dom jednorodzinny - YREK\" \/>\n<meta property=\"og:description\" content=\"dom jednorodzinny\" \/>\n<meta property=\"og:url\" content=\"https:\/\/yrek.pl\/index.php\/dom-jednorodzinny-2\/\" \/>\n<meta property=\"og:site_name\" content=\"YREK\" \/>\n<meta property=\"article:modified_time\" content=\"2021-11-21T09:03:20+00:00\" \/>\n<meta property=\"og:image\" content=\"https:\/\/yrek.pl\/wp-content\/uploads\/2022\/04\/2-2.jpg\" \/>\n\t<meta property=\"og:image:width\" content=\"1920\" \/>\n\t<meta property=\"og:image:height\" content=\"1080\" \/>\n\t<meta property=\"og:image:type\" content=\"image\/jpeg\" \/>\n<meta name=\"twitter:card\" content=\"summary_large_image\" \/>\n<meta name=\"twitter:label1\" content=\"Szacowany czas czytania\" \/>\n\t<meta name=\"twitter:data1\" content=\"1 minuta\" \/>\n<script type=\"application\/ld+json\" class=\"yoast-schema-graph\">{\"@context\":\"https:\\\/\\\/schema.org\",\"@graph\":[{\"@type\":\"WebPage\",\"@id\":\"https:\\\/\\\/yrek.pl\\\/index.php\\\/dom-jednorodzinny-2\\\/\",\"url\":\"https:\\\/\\\/yrek.pl\\\/index.php\\\/dom-jednorodzinny-2\\\/\",\"name\":\"Dom jednorodzinny - YREK\",\"isPartOf\":{\"@id\":\"https:\\\/\\\/yrek.pl\\\/#website\"},\"datePublished\":\"2021-11-21T08:59:26+00:00\",\"dateModified\":\"2021-11-21T09:03:20+00:00\",\"breadcrumb\":{\"@id\":\"https:\\\/\\\/yrek.pl\\\/index.php\\\/dom-jednorodzinny-2\\\/#breadcrumb\"},\"inLanguage\":\"pl-PL\",\"potentialAction\":[{\"@type\":\"ReadAction\",\"target\":[\"https:\\\/\\\/yrek.pl\\\/index.php\\\/dom-jednorodzinny-2\\\/\"]}]},{\"@type\":\"BreadcrumbList\",\"@id\":\"https:\\\/\\\/yrek.pl\\\/index.php\\\/dom-jednorodzinny-2\\\/#breadcrumb\",\"itemListElement\":[{\"@type\":\"ListItem\",\"position\":1,\"name\":\"Strona g\u0142\u00f3wna\",\"item\":\"https:\\\/\\\/yrek.pl\\\/\"},{\"@type\":\"ListItem\",\"position\":2,\"name\":\"Dom jednorodzinny\"}]},{\"@type\":\"WebSite\",\"@id\":\"https:\\\/\\\/yrek.pl\\\/#website\",\"url\":\"https:\\\/\\\/yrek.pl\\\/\",\"name\":\"YREK\",\"description\":\"Projekty wn\u0119trz i elewacji,  Projekty elewacji Bochnia,  Projekty elewacji Brzesko,  Projekty elewacji Ma\u0142opolska,  Projekty elewacji Krak\u00f3w,  Projekty elewacji online,  Projekty wn\u0119trz Bochnia,  Projekty wn\u0119trz Brzesko,  Projekty wn\u0119trz Krak\u00f3w,  Studio Projektowe Bochnia,  Studio projektowe Brzesko,  Studio Projektowe,  Yrek studio projektowe,  Yrek projekty wn\u0119trz,  projekt elewacji\",\"potentialAction\":[{\"@type\":\"SearchAction\",\"target\":{\"@type\":\"EntryPoint\",\"urlTemplate\":\"https:\\\/\\\/yrek.pl\\\/?s={search_term_string}\"},\"query-input\":{\"@type\":\"PropertyValueSpecification\",\"valueRequired\":true,\"valueName\":\"search_term_string\"}}],\"inLanguage\":\"pl-PL\"}]}<\/script>\n<!-- \/ Yoast SEO plugin. -->","yoast_head_json":{"title":"Dom jednorodzinny - YREK","robots":{"index":"index","follow":"follow","max-snippet":"max-snippet:-1","max-image-preview":"max-image-preview:large","max-video-preview":"max-video-preview:-1"},"canonical":"https:\/\/yrek.pl\/index.php\/dom-jednorodzinny-2\/","og_locale":"pl_PL","og_type":"article","og_title":"Dom jednorodzinny - YREK","og_description":"dom jednorodzinny","og_url":"https:\/\/yrek.pl\/index.php\/dom-jednorodzinny-2\/","og_site_name":"YREK","article_modified_time":"2021-11-21T09:03:20+00:00","og_image":[{"width":1920,"height":1080,"url":"https:\/\/yrek.pl\/wp-content\/uploads\/2022\/04\/2-2.jpg","type":"image\/jpeg"}],"twitter_card":"summary_large_image","twitter_misc":{"Szacowany czas czytania":"1 minuta"},"schema":{"@context":"https:\/\/schema.org","@graph":[{"@type":"WebPage","@id":"https:\/\/yrek.pl\/index.php\/dom-jednorodzinny-2\/","url":"https:\/\/yrek.pl\/index.php\/dom-jednorodzinny-2\/","name":"Dom jednorodzinny - YREK","isPartOf":{"@id":"https:\/\/yrek.pl\/#website"},"datePublished":"2021-11-21T08:59:26+00:00","dateModified":"2021-11-21T09:03:20+00:00","breadcrumb":{"@id":"https:\/\/yrek.pl\/index.php\/dom-jednorodzinny-2\/#breadcrumb"},"inLanguage":"pl-PL","potentialAction":[{"@type":"ReadAction","target":["https:\/\/yrek.pl\/index.php\/dom-jednorodzinny-2\/"]}]},{"@type":"BreadcrumbList","@id":"https:\/\/yrek.pl\/index.php\/dom-jednorodzinny-2\/#breadcrumb","itemListElement":[{"@type":"ListItem","position":1,"name":"Strona g\u0142\u00f3wna","item":"https:\/\/yrek.pl\/"},{"@type":"ListItem","position":2,"name":"Dom jednorodzinny"}]},{"@type":"WebSite","@id":"https:\/\/yrek.pl\/#website","url":"https:\/\/yrek.pl\/","name":"YREK","description":"Projekty wn\u0119trz i elewacji,  Projekty elewacji Bochnia,  Projekty elewacji Brzesko,  Projekty elewacji Ma\u0142opolska,  Projekty elewacji Krak\u00f3w,  Projekty elewacji online,  Projekty wn\u0119trz Bochnia,  Projekty wn\u0119trz Brzesko,  Projekty wn\u0119trz Krak\u00f3w,  Studio Projektowe Bochnia,  Studio projektowe Brzesko,  Studio Projektowe,  Yrek studio projektowe,  Yrek projekty wn\u0119trz,  projekt elewacji","potentialAction":[{"@type":"SearchAction","target":{"@type":"EntryPoint","urlTemplate":"https:\/\/yrek.pl\/?s={search_term_string}"},"query-input":{"@type":"PropertyValueSpecification","valueRequired":true,"valueName":"search_term_string"}}],"inLanguage":"pl-PL"}]}},"_links":{"self":[{"href":"https:\/\/yrek.pl\/index.php\/wp-json\/wp\/v2\/pages\/2672","targetHints":{"allow":["GET"]}}],"collection":[{"href":"https:\/\/yrek.pl\/index.php\/wp-json\/wp\/v2\/pages"}],"about":[{"href":"https:\/\/yrek.pl\/index.php\/wp-json\/wp\/v2\/types\/page"}],"author":[{"embeddable":true,"href":"https:\/\/yrek.pl\/index.php\/wp-json\/wp\/v2\/users\/1"}],"replies":[{"embeddable":true,"href":"https:\/\/yrek.pl\/index.php\/wp-json\/wp\/v2\/comments?post=2672"}],"version-history":[{"count":0,"href":"https:\/\/yrek.pl\/index.php\/wp-json\/wp\/v2\/pages\/2672\/revisions"}],"wp:attachment":[{"href":"https:\/\/yrek.pl\/index.php\/wp-json\/wp\/v2\/media?parent=2672"}],"curies":[{"name":"wp","href":"https:\/\/api.w.org\/{rel}","templated":true}]}}