{"id":1895,"date":"2020-08-28T07:43:04","date_gmt":"2020-08-28T05:43:04","guid":{"rendered":"http:\/\/yrek.pl\/index.php\/lazienka\/"},"modified":"2023-03-19T09:13:18","modified_gmt":"2023-03-19T08:13:18","slug":"lazienka","status":"publish","type":"page","link":"https:\/\/yrek.pl\/index.php\/lazienka\/","title":{"rendered":"\u0142azienka"},"content":{"rendered":"<p>[et_pb_section fb_built=&#8221;1&#8243; _builder_version=&#8221;4.16&#8243; background_color=&#8221;#000000&#8243; border_color_all=&#8221;#000000&#8243; global_colors_info=&#8221;{}&#8221;][et_pb_row use_custom_gutter=&#8221;on&#8221; gutter_width=&#8221;2&#8243; _builder_version=&#8221;4.16&#8243; background_color=&#8221;#ffffff&#8221; width=&#8221;85%&#8221; max_width=&#8221;85%&#8221; custom_padding=&#8221;35px|35px|35px|35px|true|true&#8221; global_colors_info=&#8221;{}&#8221;][et_pb_column type=&#8221;4_4&#8243; _builder_version=&#8221;4.16&#8243; global_colors_info=&#8221;{}&#8221;][et_pb_text _builder_version=&#8221;4.16&#8243; header_font=&#8221;Montserrat||||||||&#8221; header_text_align=&#8221;center&#8221; header_text_color=&#8221;#000000&#8243; global_colors_info=&#8221;{}&#8221;]<\/p>\n<h1 style=\"text-align: center;\">\u0141azienka<\/h1>\n<p>&nbsp;<\/p>\n<p>[\/et_pb_text][\/et_pb_column][\/et_pb_row][et_pb_row column_structure=&#8221;1_4,1_4,1_4,1_4&#8243; use_custom_gutter=&#8221;on&#8221; gutter_width=&#8221;2&#8243; _builder_version=&#8221;4.16&#8243; background_color=&#8221;#ffffff&#8221; width=&#8221;85%&#8221; max_width=&#8221;85%&#8221; custom_padding=&#8221;28px|35px|28px|35px|true|true&#8221; global_colors_info=&#8221;{}&#8221;][et_pb_column type=&#8221;1_4&#8243; _builder_version=&#8221;4.16&#8243; global_colors_info=&#8221;{}&#8221;][dizo_image_hover image=&#8221;https:\/\/yrek.pl\/wp-content\/uploads\/2019\/10\/ZDJ\u0118CIE-DO-HOME-1-STRONA-1-1.jpg&#8221; effect_style=&#8221;modern&#8221; modern_style=&#8221;mdn-bette&#8221; t_prefix=&#8221; Szczawnica&#8221; button_text=&#8221;Zobacz wi\u0119cej&#8221; button_url=&#8221;https:\/\/yrek.pl\/index.php\/szczawnica\/&#8221; button_url_new_window=&#8221;1&#8243; modern_overlay_color=&#8221;rgba(0,0,0,0.2)&#8221; module_link_url=&#8221; https:\/\/yrek.pl\/index.php\/szczawnica\/&#8221; module_link_url_new_window=&#8221;1&#8243; _builder_version=&#8221;4.16&#8243; box_shadow_style=&#8221;preset2&#8243; box_shadow_color=&#8221;rgba(0,0,0,0.28)&#8221; global_colors_info=&#8221;{}&#8221;][\/dizo_image_hover][\/et_pb_column][et_pb_column type=&#8221;1_4&#8243; _builder_version=&#8221;4.16&#8243; global_colors_info=&#8221;{}&#8221;][dizo_image_hover image=&#8221;https:\/\/yrek.pl\/wp-content\/uploads\/2019\/10\/lazienka-na-strone-1.jpg&#8221; effect_style=&#8221;modern&#8221; modern_style=&#8221;mdn-bette&#8221; t_prefix=&#8221;Ksi\u0105\u017c&#8221; button_text=&#8221;Zobacz wi\u0119cej&#8221; button_url=&#8221;https:\/\/yrek.pl\/index.php\/ksiaz\/&#8221; button_url_new_window=&#8221;1&#8243; modern_overlay_color=&#8221;rgba(0,0,0,0.2)&#8221; module_link_url=&#8221; https:\/\/yrek.pl\/index.php\/ksiaz\/&#8221; module_link_url_new_window=&#8221;1&#8243; _builder_version=&#8221;4.16&#8243; box_shadow_style=&#8221;preset2&#8243; box_shadow_color=&#8221;rgba(0,0,0,0.28)&#8221; global_colors_info=&#8221;{}&#8221;][\/dizo_image_hover][\/et_pb_column][et_pb_column type=&#8221;1_4&#8243; _builder_version=&#8221;4.16&#8243; global_colors_info=&#8221;{}&#8221;][dizo_image_hover image=&#8221;https:\/\/yrek.pl\/wp-content\/uploads\/2019\/10\/4-1-1.jpg&#8221; effect_style=&#8221;modern&#8221; modern_style=&#8221;mdn-bette&#8221; t_prefix=&#8221;Baczk\u00f3w&#8221; button_text=&#8221;Zobacz wi\u0119cej&#8221; button_url_new_window=&#8221;1&#8243; modern_overlay_color=&#8221;rgba(0,0,0,0.2)&#8221; module_link_url_new_window=&#8221;1&#8243; _builder_version=&#8221;4.16&#8243; box_shadow_style=&#8221;preset2&#8243; box_shadow_color=&#8221;rgba(0,0,0,0.28)&#8221; global_colors_info=&#8221;{}&#8221;][\/dizo_image_hover][\/et_pb_column][et_pb_column type=&#8221;1_4&#8243; _builder_version=&#8221;4.16&#8243; global_colors_info=&#8221;{}&#8221;][dizo_image_hover image=&#8221;https:\/\/yrek.pl\/wp-content\/uploads\/2019\/10\/2-2.jpg&#8221; effect_style=&#8221;modern&#8221; modern_style=&#8221;mdn-bette&#8221; t_prefix=&#8221;Krak\u00f3w&#8221; button_text=&#8221;Zobacz wi\u0119cej&#8221; button_url_new_window=&#8221;1&#8243; modern_overlay_color=&#8221;rgba(0,0,0,0.2)&#8221; module_link_url_new_window=&#8221;1&#8243; _builder_version=&#8221;4.16&#8243; box_shadow_style=&#8221;preset2&#8243; box_shadow_color=&#8221;rgba(0,0,0,0.28)&#8221; global_colors_info=&#8221;{}&#8221;][\/dizo_image_hover][\/et_pb_column][\/et_pb_row][et_pb_row column_structure=&#8221;1_4,1_4,1_4,1_4&#8243; use_custom_gutter=&#8221;on&#8221; gutter_width=&#8221;2&#8243; _builder_version=&#8221;4.16&#8243; background_color=&#8221;#ffffff&#8221; width=&#8221;85%&#8221; max_width=&#8221;85%&#8221; custom_padding=&#8221;28px|35px|28px|35px|true|true&#8221; global_colors_info=&#8221;{}&#8221;][et_pb_column type=&#8221;1_4&#8243; _builder_version=&#8221;4.16&#8243; global_colors_info=&#8221;{}&#8221;][dizo_image_hover image=&#8221;https:\/\/yrek.pl\/wp-content\/uploads\/2019\/10\/3-2.jpg&#8221; effect_style=&#8221;modern&#8221; modern_style=&#8221;mdn-bette&#8221; t_prefix=&#8221;Olkusz&#8221; button_text=&#8221;Zobacz wi\u0119cej&#8221; button_url_new_window=&#8221;1&#8243; modern_overlay_color=&#8221;rgba(0,0,0,0.2)&#8221; module_link_url_new_window=&#8221;1&#8243; _builder_version=&#8221;4.16&#8243; box_shadow_style=&#8221;preset2&#8243; box_shadow_color=&#8221;rgba(0,0,0,0.28)&#8221; global_colors_info=&#8221;{}&#8221;][\/dizo_image_hover][\/et_pb_column][et_pb_column type=&#8221;1_4&#8243; _builder_version=&#8221;4.16&#8243; global_colors_info=&#8221;{}&#8221;][dizo_image_hover image=&#8221;https:\/\/yrek.pl\/wp-content\/uploads\/2020\/09\/4.png&#8221; effect_style=&#8221;modern&#8221; modern_style=&#8221;mdn-bette&#8221; t_prefix=&#8221;Bochnia&#8221; button_text=&#8221;Zobacz wi\u0119cej&#8221; button_url=&#8221;https:\/\/yrek.pl\/index.php\/bochnia\/%20&#8243; button_url_new_window=&#8221;1&#8243; modern_overlay_color=&#8221;rgba(0,0,0,0.2)&#8221; module_link_url=&#8221; https:\/\/yrek.pl\/index.php\/bochnia\/ &#8221; module_link_url_new_window=&#8221;1&#8243; _builder_version=&#8221;4.16&#8243; box_shadow_style=&#8221;preset2&#8243; box_shadow_color=&#8221;rgba(0,0,0,0.28)&#8221; global_colors_info=&#8221;{}&#8221;][\/dizo_image_hover][\/et_pb_column][et_pb_column type=&#8221;1_4&#8243; _builder_version=&#8221;4.16&#8243; global_colors_info=&#8221;{}&#8221;][dizo_image_hover image=&#8221;https:\/\/yrek.pl\/wp-content\/uploads\/2020\/11\/1-2.jpg&#8221; effect_style=&#8221;modern&#8221; modern_style=&#8221;mdn-bette&#8221; t_prefix=&#8221;Czy\u017c\u00f3w&#8221; button_text=&#8221;Zobacz wi\u0119cej&#8221; button_url=&#8221;https:\/\/yrek.pl\/index.php\/laz-czyxow\/&#8221; button_url_new_window=&#8221;1&#8243; module_link_url=&#8221; https:\/\/yrek.pl\/index.php\/laz-czyxow\/&#8221; module_link_url_new_window=&#8221;1&#8243; _builder_version=&#8221;4.16&#8243; global_colors_info=&#8221;{}&#8221;][\/dizo_image_hover][\/et_pb_column][et_pb_column type=&#8221;1_4&#8243; _builder_version=&#8221;4.16&#8243; global_colors_info=&#8221;{}&#8221;][dizo_image_hover image=&#8221;https:\/\/yrek.pl\/wp-content\/uploads\/2020\/12\/1-1-scaled.jpg&#8221; effect_style=&#8221;modern&#8221; modern_style=&#8221;mdn-bette&#8221; t_prefix=&#8221;Calacatta + d\u0105b craft&#8221; button_text=&#8221;Zobacz wi\u0119cej&#8221; button_url=&#8221;https:\/\/yrek.pl\/index.php\/laz-leba\/&#8221; button_url_new_window=&#8221;1&#8243; module_link_url=&#8221; https:\/\/yrek.pl\/index.php\/laz-leba\/&#8221; module_link_url_new_window=&#8221;1&#8243; _builder_version=&#8221;4.16&#8243; global_colors_info=&#8221;{}&#8221;][\/dizo_image_hover][\/et_pb_column][\/et_pb_row][et_pb_row column_structure=&#8221;1_4,1_4,1_4,1_4&#8243; use_custom_gutter=&#8221;on&#8221; gutter_width=&#8221;2&#8243; _builder_version=&#8221;4.16&#8243; background_color=&#8221;#ffffff&#8221; width=&#8221;85%&#8221; max_width=&#8221;85%&#8221; custom_padding=&#8221;28px|35px|28px|35px|true|true&#8221; global_colors_info=&#8221;{}&#8221;][et_pb_column type=&#8221;1_4&#8243; _builder_version=&#8221;4.16&#8243; global_colors_info=&#8221;{}&#8221;][dizo_image_hover image=&#8221;https:\/\/yrek.pl\/wp-content\/uploads\/2021\/11\/1113.jpg&#8221; effect_style=&#8221;modern&#8221; modern_style=&#8221;mdn-bette&#8221; t_prefix=&#8221;Ma\u0142a \u0142azienka&#8221; button_text=&#8221;Zobacz wi\u0119cej&#8221; button_url=&#8221;https:\/\/yrek.pl\/index.php\/mala-lazienka\/%20&#8243; button_url_new_window=&#8221;1&#8243; modern_overlay_color=&#8221;rgba(0,0,0,0.2)&#8221; module_link_url=&#8221; https:\/\/yrek.pl\/index.php\/mala-lazienka\/ &#8221; module_link_url_new_window=&#8221;1&#8243; _builder_version=&#8221;4.16&#8243; box_shadow_style=&#8221;preset2&#8243; box_shadow_color=&#8221;rgba(0,0,0,0.28)&#8221; global_colors_info=&#8221;{}&#8221;][\/dizo_image_hover][\/et_pb_column][et_pb_column type=&#8221;1_4&#8243; _builder_version=&#8221;4.16&#8243; global_colors_info=&#8221;{}&#8221;][dizo_image_hover image=&#8221;https:\/\/yrek.pl\/wp-content\/uploads\/2022\/04\/21.jpg&#8221; effect_style=&#8221;modern&#8221; modern_style=&#8221;mdn-bette&#8221; t_prefix=&#8221;Ania&#8221; button_text=&#8221;Zobacz wi\u0119cej&#8221; button_url=&#8221;https:\/\/yrek.pl\/index.php\/lazienka-ania\/&#8221; button_url_new_window=&#8221;1&#8243; module_link_url=&#8221; https:\/\/yrek.pl\/index.php\/lazienka-ania\/&#8221; module_link_url_new_window=&#8221;1&#8243; _builder_version=&#8221;4.16&#8243; _module_preset=&#8221;default&#8221; global_colors_info=&#8221;{}&#8221;][\/dizo_image_hover][\/et_pb_column][et_pb_column type=&#8221;1_4&#8243; _builder_version=&#8221;4.16&#8243; global_colors_info=&#8221;{}&#8221;][dizo_image_hover image=&#8221;https:\/\/yrek.pl\/wp-content\/uploads\/2023\/01\/3-2.jpg&#8221; effect_style=&#8221;modern&#8221; modern_style=&#8221;mdn-bette&#8221; t_prefix=&#8221;Amelia&#8221; button_text=&#8221;Zobacz wi\u0119cej&#8221; button_url=&#8221;https:\/\/yrek.pl\/index.php\/lazienka-amelia\/&#8221; button_url_new_window=&#8221;1&#8243; module_link_url=&#8221;https:\/\/yrek.pl\/index.php\/lazienka-amelia\/&#8221; module_link_url_new_window=&#8221;1&#8243; _builder_version=&#8221;4.17.4&#8243; _module_preset=&#8221;default&#8221; global_colors_info=&#8221;{}&#8221;][\/dizo_image_hover][\/et_pb_column][et_pb_column type=&#8221;1_4&#8243; _builder_version=&#8221;4.16&#8243; global_colors_info=&#8221;{}&#8221;][dizo_image_hover _builder_version=&#8221;4.17.4&#8243; _module_preset=&#8221;default&#8221; effect_style=&#8221;modern&#8221; modern_style=&#8221;mdn-bette&#8221; hover_enabled=&#8221;0&#8243; sticky_enabled=&#8221;0&#8243;][\/dizo_image_hover][dizo_image_hover _builder_version=&#8221;4.17.4&#8243; _module_preset=&#8221;default&#8221; title_text=&#8221;1&#8243; image=&#8221;https:\/\/yrek.pl\/wp-content\/uploads\/2023\/03\/1-1.jpg&#8221; t_prefix=&#8221;\u0141azienka w bieli&#8221; button_text=&#8221;Zobacz wi\u0119cej&#8221; button_url=&#8221; https:\/\/yrek.pl\/index.php\/lazienka-w-bieli\/ &#8221; module_link_url=&#8221; https:\/\/yrek.pl\/index.php\/lazienka-w-bieli\/ &#8221; hover_enabled=&#8221;0&#8243; sticky_enabled=&#8221;0&#8243; effect_style=&#8221;modern&#8221; modern_style=&#8221;mdn-bette&#8221;][\/dizo_image_hover][\/et_pb_column][\/et_pb_row][\/et_pb_section]<\/p>\n","protected":false},"excerpt":{"rendered":"<p>\u0141azienka &nbsp;<div class=\"et_pb_module dizo_image_hover dizo_image_hover_0 dizo_bg_img\">\n\t\t\t\t\n\t\t\t\t\n\t\t\t\t\n\t\t\t\t\n\t\t\t\t\n\t\t\t\t\n\t\t\t\t<div class=\"et_pb_module_inner\">\n\t\t\t\t\t<div class=\"dih_container \">\r\n\t\t\t\t<div class = \"dih_img_wrapper modern_style mdn-bette\">\r\n\t\t\t\t\t<div class = \"dih_image\"><img decoding=\"async\" src=\"https:\/\/yrek.pl\/wp-content\/uploads\/2019\/10\/ZDJ\u0118CIE-DO-HOME-1-STRONA-1-1.jpg\" alt=\"\"\/><\/div>\r\n\t\t\t\t\t<span class =\"modern_img_overlay\"><\/span>\r\n\t\t\t\t\t\r\n\t\t\t\t\t<div class =\"dih_content_wrapper\">\r\n\t\t\t\t\t\t<div class = \"dih_content\">\r\n\t\t\t\t\t\t<h2 class = \"dih_title\">\r\n\t\t\t<span class = \"prefix\"> Szczawnica<\/span> \r\n\t\t\t \r\n\t\t\t\r\n\t\t\t<\/h2>\r\n\t\t\t\t\t\t<div class =\"dih_text\">\r\n\t\t\t\r\n\t\t\t<div class=\"et_pb_button_wrapper\"><a class=\"et_pb_button dih_button\" href=\"https:\/\/yrek.pl\/index.php\/szczawnica\/\">Zobacz wi\u0119cej<\/a><\/div>\r\n\t\t\t<\/div>\r\n\t\t\t\t\t\t\r\n\t\t\t\t\t\t<\/div>\r\n\t\t\t\t<\/div>\r\n\t\t\t\t<a class= \"dih_link\" href=\" https:\/\/yrek.pl\/index.php\/szczawnica\/\" ><\/a>\r\n\t\t\t<\/div>\r\n\t\t\t<\/div>\n\t\t\t\t<\/div>\n\t\t\t<\/div><div class=\"et_pb_module dizo_image_hover dizo_image_hover_1 dizo_bg_img\">\n\t\t\t\t\n\t\t\t\t\n\t\t\t\t\n\t\t\t\t\n\t\t\t\t\n\t\t\t\t\n\t\t\t\t<div class=\"et_pb_module_inner\">\n\t\t\t\t\t<div class=\"dih_container \">\r\n\t\t\t\t<div class = \"dih_img_wrapper modern_style mdn-bette\">\r\n\t\t\t\t\t<div class = \"dih_image\"><img decoding=\"async\" src=\"https:\/\/yrek.pl\/wp-content\/uploads\/2019\/10\/lazienka-na-strone-1.jpg\" alt=\"\"\/><\/div>\r\n\t\t\t\t\t<span class =\"modern_img_overlay\"><\/span>\r\n\t\t\t\t\t\r\n\t\t\t\t\t<div class =\"dih_content_wrapper\">\r\n\t\t\t\t\t\t<div class = \"dih_content\">\r\n\t\t\t\t\t\t<h2 class = \"dih_title\">\r\n\t\t\t<span class = \"prefix\">Ksi\u0105\u017c<\/span> \r\n\t\t\t \r\n\t\t\t\r\n\t\t\t<\/h2>\r\n\t\t\t\t\t\t<div class =\"dih_text\">\r\n\t\t\t\r\n\t\t\t<div class=\"et_pb_button_wrapper\"><a class=\"et_pb_button dih_button\" href=\"https:\/\/yrek.pl\/index.php\/ksiaz\/\">Zobacz wi\u0119cej<\/a><\/div>\r\n\t\t\t<\/div>\r\n\t\t\t\t\t\t\r\n\t\t\t\t\t\t<\/div>\r\n\t\t\t\t<\/div>\r\n\t\t\t\t<a class= \"dih_link\" href=\" https:\/\/yrek.pl\/index.php\/ksiaz\/\" ><\/a>\r\n\t\t\t<\/div>\r\n\t\t\t<\/div>\n\t\t\t\t<\/div>\n\t\t\t<\/div><div class=\"et_pb_module dizo_image_hover dizo_image_hover_2 dizo_bg_img\">\n\t\t\t\t\n\t\t\t\t\n\t\t\t\t\n\t\t\t\t\n\t\t\t\t\n\t\t\t\t\n\t\t\t\t<div class=\"et_pb_module_inner\">\n\t\t\t\t\t<div class=\"dih_container \">\r\n\t\t\t\t<div class = \"dih_img_wrapper modern_style mdn-bette\">\r\n\t\t\t\t\t<div class = \"dih_image\"><img decoding=\"async\" src=\"https:\/\/yrek.pl\/wp-content\/uploads\/2019\/10\/4-1-1.jpg\" alt=\"\"\/><\/div>\r\n\t\t\t\t\t<span class =\"modern_img_overlay\"><\/span>\r\n\t\t\t\t\t\r\n\t\t\t\t\t<div class =\"dih_content_wrapper\">\r\n\t\t\t\t\t\t<div class = \"dih_content\">\r\n\t\t\t\t\t\t<h2 class = \"dih_title\">\r\n\t\t\t<span class = \"prefix\">Baczk\u00f3w<\/span> \r\n\t\t\t \r\n\t\t\t\r\n\t\t\t<\/h2>\r\n\t\t\t\t\t\t\r\n\t\t\t\t\t\t\r\n\t\t\t\t\t\t<\/div>\r\n\t\t\t\t<\/div>\r\n\t\t\t\t\r\n\t\t\t<\/div>\r\n\t\t\t<\/div>\n\t\t\t\t<\/div>\n\t\t\t<\/div><div class=\"et_pb_module dizo_image_hover dizo_image_hover_3 dizo_bg_img\">\n\t\t\t\t\n\t\t\t\t\n\t\t\t\t\n\t\t\t\t\n\t\t\t\t\n\t\t\t\t\n\t\t\t\t<div class=\"et_pb_module_inner\">\n\t\t\t\t\t<div class=\"dih_container \">\r\n\t\t\t\t<div class = \"dih_img_wrapper \">\r\n\t\t\t\t\t<div class = \"dih_image\"><img decoding=\"async\" src=\"\" alt=\"\"\/><\/div>\r\n\t\t\t\t\t\r\n\t\t\t\t\t\r\n\t\t\t\t\t<div class =\"dih_content_wrapper\">\r\n\t\t\t\t\t\t<div class = \"dih_content\">\r\n\t\t\t\t\t\t<h2 class = \"dih_title\">\r\n\t\t\t<span class = \"prefix\">&#8221;Krak\u00f3w&#8221;<\/span> \r\n\t\t\t \r\n\t\t\t\r\n\t\t\t<\/h2>\r\n\t\t\t\t\t\t\r\n\t\t\t\t\t\t<div class=\"et_pb_button_wrapper\"><a class=\"et_pb_button dih_button\" href=\"\">&#8221;Zobacz<\/a><\/div>\r\n\t\t\t\t\t\t<\/div>\r\n\t\t\t\t<\/div>\r\n\t\t\t\t\r\n\t\t\t<\/div>\r\n\t\t\t<\/div>\n\t\t\t\t<\/div>\n\t\t\t<\/div><\/p>\n","protected":false},"author":1,"featured_media":0,"parent":0,"menu_order":0,"comment_status":"closed","ping_status":"closed","template":"","meta":{"_et_pb_use_builder":"on","_et_pb_old_content":"","_et_gb_content_width":"","footnotes":""},"class_list":["post-1895","page","type-page","status-publish","hentry"],"yoast_head":"<!-- This site is optimized with the Yoast SEO plugin v27.4 - https:\/\/yoast.com\/product\/yoast-seo-wordpress\/ -->\n<title>\u0142azienka - YREK<\/title>\n<meta name=\"robots\" content=\"index, follow, max-snippet:-1, max-image-preview:large, max-video-preview:-1\" \/>\n<link rel=\"canonical\" href=\"https:\/\/yrek.pl\/index.php\/lazienka\/\" \/>\n<meta property=\"og:locale\" content=\"pl_PL\" \/>\n<meta property=\"og:type\" content=\"article\" \/>\n<meta property=\"og:title\" content=\"\u0142azienka - YREK\" \/>\n<meta property=\"og:description\" content=\"\u0141azienka &nbsp;\" \/>\n<meta property=\"og:url\" content=\"https:\/\/yrek.pl\/index.php\/lazienka\/\" \/>\n<meta property=\"og:site_name\" content=\"YREK\" \/>\n<meta property=\"article:modified_time\" content=\"2023-03-19T08:13:18+00:00\" \/>\n<meta property=\"og:image\" content=\"https:\/\/yrek.pl\/wp-content\/uploads\/2022\/04\/2-2.jpg\" \/>\n\t<meta property=\"og:image:width\" content=\"1920\" \/>\n\t<meta property=\"og:image:height\" content=\"1080\" \/>\n\t<meta property=\"og:image:type\" content=\"image\/jpeg\" \/>\n<meta name=\"twitter:card\" content=\"summary_large_image\" \/>\n<meta name=\"twitter:label1\" content=\"Szacowany czas czytania\" \/>\n\t<meta name=\"twitter:data1\" content=\"6 minut\" \/>\n<script type=\"application\/ld+json\" class=\"yoast-schema-graph\">{\"@context\":\"https:\\\/\\\/schema.org\",\"@graph\":[{\"@type\":\"WebPage\",\"@id\":\"https:\\\/\\\/yrek.pl\\\/index.php\\\/lazienka\\\/\",\"url\":\"https:\\\/\\\/yrek.pl\\\/index.php\\\/lazienka\\\/\",\"name\":\"\u0142azienka - YREK\",\"isPartOf\":{\"@id\":\"https:\\\/\\\/yrek.pl\\\/#website\"},\"datePublished\":\"2020-08-28T05:43:04+00:00\",\"dateModified\":\"2023-03-19T08:13:18+00:00\",\"breadcrumb\":{\"@id\":\"https:\\\/\\\/yrek.pl\\\/index.php\\\/lazienka\\\/#breadcrumb\"},\"inLanguage\":\"pl-PL\",\"potentialAction\":[{\"@type\":\"ReadAction\",\"target\":[\"https:\\\/\\\/yrek.pl\\\/index.php\\\/lazienka\\\/\"]}]},{\"@type\":\"BreadcrumbList\",\"@id\":\"https:\\\/\\\/yrek.pl\\\/index.php\\\/lazienka\\\/#breadcrumb\",\"itemListElement\":[{\"@type\":\"ListItem\",\"position\":1,\"name\":\"Strona g\u0142\u00f3wna\",\"item\":\"https:\\\/\\\/yrek.pl\\\/\"},{\"@type\":\"ListItem\",\"position\":2,\"name\":\"\u0142azienka\"}]},{\"@type\":\"WebSite\",\"@id\":\"https:\\\/\\\/yrek.pl\\\/#website\",\"url\":\"https:\\\/\\\/yrek.pl\\\/\",\"name\":\"YREK\",\"description\":\"Projekty wn\u0119trz i elewacji,  Projekty elewacji Bochnia,  Projekty elewacji Brzesko,  Projekty elewacji Ma\u0142opolska,  Projekty elewacji Krak\u00f3w,  Projekty elewacji online,  Projekty wn\u0119trz Bochnia,  Projekty wn\u0119trz Brzesko,  Projekty wn\u0119trz Krak\u00f3w,  Studio Projektowe Bochnia,  Studio projektowe Brzesko,  Studio Projektowe,  Yrek studio projektowe,  Yrek projekty wn\u0119trz,  projekt elewacji\",\"potentialAction\":[{\"@type\":\"SearchAction\",\"target\":{\"@type\":\"EntryPoint\",\"urlTemplate\":\"https:\\\/\\\/yrek.pl\\\/?s={search_term_string}\"},\"query-input\":{\"@type\":\"PropertyValueSpecification\",\"valueRequired\":true,\"valueName\":\"search_term_string\"}}],\"inLanguage\":\"pl-PL\"}]}<\/script>\n<!-- \/ Yoast SEO plugin. -->","yoast_head_json":{"title":"\u0142azienka - YREK","robots":{"index":"index","follow":"follow","max-snippet":"max-snippet:-1","max-image-preview":"max-image-preview:large","max-video-preview":"max-video-preview:-1"},"canonical":"https:\/\/yrek.pl\/index.php\/lazienka\/","og_locale":"pl_PL","og_type":"article","og_title":"\u0142azienka - YREK","og_description":"\u0141azienka &nbsp;","og_url":"https:\/\/yrek.pl\/index.php\/lazienka\/","og_site_name":"YREK","article_modified_time":"2023-03-19T08:13:18+00:00","og_image":[{"width":1920,"height":1080,"url":"https:\/\/yrek.pl\/wp-content\/uploads\/2022\/04\/2-2.jpg","type":"image\/jpeg"}],"twitter_card":"summary_large_image","twitter_misc":{"Szacowany czas czytania":"6 minut"},"schema":{"@context":"https:\/\/schema.org","@graph":[{"@type":"WebPage","@id":"https:\/\/yrek.pl\/index.php\/lazienka\/","url":"https:\/\/yrek.pl\/index.php\/lazienka\/","name":"\u0142azienka - YREK","isPartOf":{"@id":"https:\/\/yrek.pl\/#website"},"datePublished":"2020-08-28T05:43:04+00:00","dateModified":"2023-03-19T08:13:18+00:00","breadcrumb":{"@id":"https:\/\/yrek.pl\/index.php\/lazienka\/#breadcrumb"},"inLanguage":"pl-PL","potentialAction":[{"@type":"ReadAction","target":["https:\/\/yrek.pl\/index.php\/lazienka\/"]}]},{"@type":"BreadcrumbList","@id":"https:\/\/yrek.pl\/index.php\/lazienka\/#breadcrumb","itemListElement":[{"@type":"ListItem","position":1,"name":"Strona g\u0142\u00f3wna","item":"https:\/\/yrek.pl\/"},{"@type":"ListItem","position":2,"name":"\u0142azienka"}]},{"@type":"WebSite","@id":"https:\/\/yrek.pl\/#website","url":"https:\/\/yrek.pl\/","name":"YREK","description":"Projekty wn\u0119trz i elewacji,  Projekty elewacji Bochnia,  Projekty elewacji Brzesko,  Projekty elewacji Ma\u0142opolska,  Projekty elewacji Krak\u00f3w,  Projekty elewacji online,  Projekty wn\u0119trz Bochnia,  Projekty wn\u0119trz Brzesko,  Projekty wn\u0119trz Krak\u00f3w,  Studio Projektowe Bochnia,  Studio projektowe Brzesko,  Studio Projektowe,  Yrek studio projektowe,  Yrek projekty wn\u0119trz,  projekt elewacji","potentialAction":[{"@type":"SearchAction","target":{"@type":"EntryPoint","urlTemplate":"https:\/\/yrek.pl\/?s={search_term_string}"},"query-input":{"@type":"PropertyValueSpecification","valueRequired":true,"valueName":"search_term_string"}}],"inLanguage":"pl-PL"}]}},"_links":{"self":[{"href":"https:\/\/yrek.pl\/index.php\/wp-json\/wp\/v2\/pages\/1895","targetHints":{"allow":["GET"]}}],"collection":[{"href":"https:\/\/yrek.pl\/index.php\/wp-json\/wp\/v2\/pages"}],"about":[{"href":"https:\/\/yrek.pl\/index.php\/wp-json\/wp\/v2\/types\/page"}],"author":[{"embeddable":true,"href":"https:\/\/yrek.pl\/index.php\/wp-json\/wp\/v2\/users\/1"}],"replies":[{"embeddable":true,"href":"https:\/\/yrek.pl\/index.php\/wp-json\/wp\/v2\/comments?post=1895"}],"version-history":[{"count":0,"href":"https:\/\/yrek.pl\/index.php\/wp-json\/wp\/v2\/pages\/1895\/revisions"}],"wp:attachment":[{"href":"https:\/\/yrek.pl\/index.php\/wp-json\/wp\/v2\/media?parent=1895"}],"curies":[{"name":"wp","href":"https:\/\/api.w.org\/{rel}","templated":true}]}}