{"id":1567,"date":"2019-10-11T13:28:02","date_gmt":"2019-10-11T11:28:02","guid":{"rendered":"https:\/\/yrek.pl\/?page_id=1567"},"modified":"2019-10-22T11:29:59","modified_gmt":"2019-10-22T09:29:59","slug":"oferta-wnetrza","status":"publish","type":"page","link":"https:\/\/yrek.pl\/index.php\/oferta-wnetrza\/","title":{"rendered":"Oferta wn\u0119trza"},"content":{"rendered":"<p>[et_pb_section fb_built=&#8221;1&#8243; _builder_version=&#8221;3.27.4&#8243; background_color=&#8221;#000000&#8243; border_color_all=&#8221;#000000&#8243; fb_built=&#8221;1&#8243; _i=&#8221;0&#8243; _address=&#8221;0&#8243;][et_pb_row use_custom_gutter=&#8221;on&#8221; gutter_width=&#8221;2&#8243; _builder_version=&#8221;3.27.4&#8243; background_color=&#8221;#ffffff&#8221; width=&#8221;85%&#8221; max_width=&#8221;85%&#8221; custom_padding=&#8221;0px|35px|0px|35px|true|true&#8221; _i=&#8221;0&#8243; _address=&#8221;0.0&#8243;][et_pb_column type=&#8221;4_4&#8243; _builder_version=&#8221;3.27.4&#8243; _i=&#8221;0&#8243; _address=&#8221;0.0.0&#8243;][et_pb_text _builder_version=&#8221;3.27.4&#8243; text_font=&#8221;Montserrat||||||||&#8221; text_text_color=&#8221;#000000&#8243; text_font_size=&#8221;15px&#8221; header_2_font=&#8221;Montserrat|600||on|||||&#8221; header_2_font_size=&#8221;38px&#8221; header_2_line_height=&#8221;1.4em&#8221; custom_margin=&#8221;25px||||false|false&#8221; _i=&#8221;0&#8243; _address=&#8221;0.0.0.0&#8243;]<\/p>\n<h2 style=\"text-align: center;\"><\/h2>\n<p>&nbsp;<\/p>\n<h2 style=\"text-align: center;\">OFERTA Projektu wn\u0119trz<\/h2>\n<p style=\"text-align: center;\">Do ka\u017cdego zlecenia podchodzimy w indywidualny spos\u00f3b zawsze pracuj\u0105c z pasj\u0105 i zaanga\u017cowaniem. Podczas prac projektowych pozostajemy w sta\u0142ym kontakcie z Inwestorem, dbaj\u0105c o to, aby zaprojektowane wn\u0119trze nie tylko by\u0142o atrakcyjne i ergonomiczne, ale tak\u017ce odpowiada\u0142o potrzebom i oczekiwaniom przysz\u0142ych u\u017cytkownik\u00f3w.<\/p>\n<p style=\"text-align: center;\">\n<p style=\"text-align: center;\"><img decoding=\"async\" class=\"details-image\" src=\"http:\/\/yrek.pl\/wp-content\/uploads\/2019\/10\/1-6-1024x576.jpg\" draggable=\"false\" alt=\"\" \/><\/p>\n<p>&nbsp;<\/p>\n<h3 style=\"text-align: center;\">Zakres us\u0142ug<\/h3>\n<p style=\"text-align: center;\">Us\u0142ugi naszego biura dostosowujemy do indywidualnych potrzeb Inwestor\u00f3w.<\/p>\n<p style=\"text-align: center;\">projekty wn\u0119trz dom\u00f3w i mieszka\u0144<\/p>\n<p style=\"text-align: center;\">projekty pojedynczych pomieszcze\u0144<\/p>\n<p style=\"text-align: center;\">projekty wn\u0119trz biurowych, recepcje, sale konferencyjne<\/p>\n<p style=\"text-align: center;\">projekty wn\u0119trz obiekt\u00f3w us\u0142ugowych<\/p>\n<p style=\"text-align: center;\">projekty adaptacji poddaszy<\/p>\n<p style=\"text-align: center;\">projekty mebli, detali<\/p>\n<p style=\"text-align: center;\">nadz\u00f3r autorski nad realizacj\u0105 projektu<\/p>\n<p style=\"text-align: center;\">inwentaryzacje architektoniczne<\/p>\n<p style=\"text-align: center;\">wizualizacje komputerowe 3D<\/p>\n<p style=\"text-align: center;\">\n<p style=\"text-align: center;\">\n<p style=\"text-align: center;\">\n<h2 style=\"text-align: center;\">Etapy projektowania wn\u0119trz<br \/><img decoding=\"async\" class=\"details-image\" src=\"http:\/\/yrek.pl\/wp-content\/uploads\/2019\/10\/2-6-1024x576.jpg\" draggable=\"false\" alt=\"\" \/><\/h2>\n<p>&nbsp;<\/p>\n<p>&nbsp;<\/p>\n<h3><\/h3>\n<p>[\/et_pb_text][\/et_pb_column][\/et_pb_row][et_pb_row column_structure=&#8221;1_4,1_4,1_4,1_4&#8243; use_custom_gutter=&#8221;on&#8221; gutter_width=&#8221;2&#8243; _builder_version=&#8221;3.27.4&#8243; background_color=&#8221;#ffffff&#8221; width=&#8221;85%&#8221; max_width=&#8221;85%&#8221; custom_padding=&#8221;40px|35px|40px|35px|true|true&#8221; _i=&#8221;1&#8243; _address=&#8221;0.1&#8243;][et_pb_column type=&#8221;1_4&#8243; _builder_version=&#8221;3.27.4&#8243; _i=&#8221;0&#8243; _address=&#8221;0.1.0&#8243;][et_pb_text _builder_version=&#8221;3.27.4&#8243; text_font=&#8221;Montserrat||||||||&#8221; text_text_color=&#8221;#000000&#8243; text_font_size=&#8221;15px&#8221; header_2_font=&#8221;Montserrat|600||on|||||&#8221; header_2_font_size=&#8221;28px&#8221; header_2_line_height=&#8221;1.4em&#8221; custom_margin=&#8221;25px||||false|false&#8221; _i=&#8221;0&#8243; _address=&#8221;0.1.0.0&#8243;]<\/p>\n<h3 style=\"text-align: left;\"><strong>Projekt Funkcjonalny<\/strong><\/h3>\n<ul style=\"text-align: left;\">\n<li>inwentaryzacja pomieszczenia<\/li>\n<li>2 warianty rozplanowania funkcji pomieszczenia (rzuty z g\u00f3ry w skali 1:50)<\/li>\n<li>rozmieszczenie \u015bcian dzia\u0142owych<\/li>\n<li>rozk\u0142ad kuchni<\/li>\n<li>rozk\u0142ad \u0142azienki, toalety<\/li>\n<li>uk\u0142ad pod\u0142\u00f3g<\/li>\n<li>rozmieszczenie mebli (w tym np. miejsce na garderob\u0119szafa w przedpokoju itp.)<\/li>\n<\/ul>\n<p>[\/et_pb_text][\/et_pb_column][et_pb_column type=&#8221;1_4&#8243; _builder_version=&#8221;3.27.4&#8243; _i=&#8221;1&#8243; _address=&#8221;0.1.1&#8243;][et_pb_text _builder_version=&#8221;3.27.4&#8243; text_font=&#8221;Montserrat||||||||&#8221; text_text_color=&#8221;#000000&#8243; text_font_size=&#8221;15px&#8221; header_2_font=&#8221;Montserrat|600||on|||||&#8221; header_2_font_size=&#8221;28px&#8221; header_2_line_height=&#8221;1.4em&#8221; custom_margin=&#8221;25px||||false|false&#8221; _i=&#8221;0&#8243; _address=&#8221;0.1.1.0&#8243;]<\/p>\n<h3><strong>Projekt Koncepcyjny<\/strong><\/h3>\n<ul>\n<li>schemat funkcjonalny \u2013 plansze obrazuj\u0105ce uk\u0142ad \u015bcian i umeblowania, przesuni\u0119cia \u015bcian, uk\u0142ad kolorystyczny<\/li>\n<li>dob\u00f3r kolorystyki oraz podstawowych element\u00f3w wyko\u0144czenia i wyposa\u017cenia (meble) zobrazowany wizualizacjami<\/li>\n<li>projekt kuchni &#8211; rozmieszczenie mebli i sprz\u0119t\u00f3w AGD<\/li>\n<li>\u0142azienka &#8211; rozmieszczenie mebli i ceramiki sanitarnej<\/li>\n<li>o\u015bwietlenie<\/li>\n<li>wizualizacje 3D \u2013 zobrazowanie tematu jak najbli\u017csze efektowi rzeczywistemu z uwzgl\u0119dnieniem detali i dodatk\u00f3w, wyboru i rozmieszczenia mebli, uk\u0142adu p\u0142ytek ceramicznych, szafek kuchennych<\/li>\n<\/ul>\n<p>[\/et_pb_text][\/et_pb_column][et_pb_column type=&#8221;1_4&#8243; _builder_version=&#8221;3.27.4&#8243; _i=&#8221;2&#8243; _address=&#8221;0.1.2&#8243;][et_pb_text _builder_version=&#8221;3.27.4&#8243; text_font=&#8221;Montserrat||||||||&#8221; text_text_color=&#8221;#000000&#8243; text_font_size=&#8221;15px&#8221; header_2_font=&#8221;Montserrat|600||on|||||&#8221; header_2_font_size=&#8221;28px&#8221; header_2_line_height=&#8221;1.4em&#8221; custom_margin=&#8221;25px||||false|false&#8221; _i=&#8221;0&#8243; _address=&#8221;0.1.2.0&#8243;]<\/p>\n<h3 style=\"text-align: left;\"><strong>Projekt Kompleksowy<\/strong><\/h3>\n<ul style=\"text-align: left;\">\n<li>rysunki techniczne prezentuj\u0105ce uk\u0142ad \u015bcian, wn\u0119k, sufit\u00f3w podwieszanych, rozmieszczenie punkt\u00f3w instalacyjnych elektrycznych i hydraulicznych<\/li>\n<li>rysunki\u00a0 szczeg\u00f3\u0142\u00f3w, mebli na wymiar \u2013 uk\u0142ad szafek kuchennych, zabudowy wn\u0119k, indywidualne projektu mebli \u0142azienkowych<\/li>\n<li>Dob\u00f3r materia\u0142\u00f3w wyko\u0144czeniowych i wyposa\u017cenia (farb, ceramiki, opraw o\u015bwietleniowych itp.), konsultacje z Inwestorem w sklepach<\/li>\n<li>Dob\u00f3r mebli, indywidualne projekty mebli<\/li>\n<li>Projekt element\u00f3w architektonicznych \u2013 komink\u00f3w, schod\u00f3w itp.<\/li>\n<li>Dob\u00f3r tkanin \u2013 firany, zas\u0142ony, rolety itp.<\/li>\n<li>Opis projektu zawieraj\u0105cy wyliczenia ilo\u015bciowe materia\u0142\u00f3w oraz adresy producent\u00f3w lub dostawc\u00f3w mebli, opraw o\u015bwietleniowych, materia\u0142\u00f3w wyko\u0144czeniowych itp.<\/li>\n<\/ul>\n<p>[\/et_pb_text][\/et_pb_column][et_pb_column type=&#8221;1_4&#8243; _builder_version=&#8221;3.27.4&#8243; _i=&#8221;3&#8243; _address=&#8221;0.1.3&#8243;][et_pb_text _builder_version=&#8221;3.27.4&#8243; text_font=&#8221;Montserrat||||||||&#8221; text_text_color=&#8221;#000000&#8243; text_font_size=&#8221;15px&#8221; header_2_font=&#8221;Montserrat|600||on|||||&#8221; header_2_font_size=&#8221;28px&#8221; header_2_line_height=&#8221;1.4em&#8221; custom_margin=&#8221;25px||||false|false&#8221; _i=&#8221;0&#8243; _address=&#8221;0.1.3.0&#8243;]<\/p>\n<h3 style=\"text-align: left;\"><strong>Nadz\u00f3r Autorski<\/strong><\/h3>\n<ul style=\"text-align: left;\">\n<li>Wizyty na miejscu realizacji projektu, maj\u0105ce na celu kontrol\u0119 post\u0119pu prac wykonawczych, ich jako\u015bci i zgodno\u015bci z projektem, oraz udzielanie wskaz\u00f3wek i wyja\u015bnie\u0144 wykonawcom. Wprowadzanie ewentualnych zmian projektowych na etapie realizacji<\/li>\n<li>Sta\u0142y kontakt telefoniczny oraz mailowy w trakcie realizacji wn\u0119trza<\/li>\n<\/ul>\n<p>[\/et_pb_text][\/et_pb_column][\/et_pb_row][\/et_pb_section]<\/p>\n","protected":false},"excerpt":{"rendered":"<p>&nbsp; OFERTA Projektu wn\u0119trz Do ka\u017cdego zlecenia podchodzimy w indywidualny spos\u00f3b zawsze pracuj\u0105c z pasj\u0105 i zaanga\u017cowaniem. Podczas prac projektowych pozostajemy w sta\u0142ym kontakcie z Inwestorem, dbaj\u0105c o to, aby zaprojektowane wn\u0119trze nie tylko by\u0142o atrakcyjne i ergonomiczne, ale tak\u017ce odpowiada\u0142o potrzebom i oczekiwaniom przysz\u0142ych u\u017cytkownik\u00f3w. &nbsp; Zakres us\u0142ug Us\u0142ugi naszego biura dostosowujemy do indywidualnych [&hellip;]<\/p>\n","protected":false},"author":1,"featured_media":0,"parent":0,"menu_order":0,"comment_status":"closed","ping_status":"closed","template":"","meta":{"_et_pb_use_builder":"on","_et_pb_old_content":"","_et_gb_content_width":"","footnotes":""},"class_list":["post-1567","page","type-page","status-publish","hentry"],"yoast_head":"<!-- This site is optimized with the Yoast SEO plugin v27.4 - https:\/\/yoast.com\/product\/yoast-seo-wordpress\/ -->\n<title>Oferta wn\u0119trza - YREK<\/title>\n<meta name=\"robots\" content=\"index, follow, max-snippet:-1, max-image-preview:large, max-video-preview:-1\" \/>\n<link rel=\"canonical\" href=\"https:\/\/yrek.pl\/index.php\/oferta-wnetrza\/\" \/>\n<meta property=\"og:locale\" content=\"pl_PL\" \/>\n<meta property=\"og:type\" content=\"article\" \/>\n<meta property=\"og:title\" content=\"Oferta wn\u0119trza - YREK\" \/>\n<meta property=\"og:description\" content=\"&nbsp; OFERTA Projektu wn\u0119trz Do ka\u017cdego zlecenia podchodzimy w indywidualny spos\u00f3b zawsze pracuj\u0105c z pasj\u0105 i zaanga\u017cowaniem. Podczas prac projektowych pozostajemy w sta\u0142ym kontakcie z Inwestorem, dbaj\u0105c o to, aby zaprojektowane wn\u0119trze nie tylko by\u0142o atrakcyjne i ergonomiczne, ale tak\u017ce odpowiada\u0142o potrzebom i oczekiwaniom przysz\u0142ych u\u017cytkownik\u00f3w. &nbsp; Zakres us\u0142ug Us\u0142ugi naszego biura dostosowujemy do indywidualnych [&hellip;]\" \/>\n<meta property=\"og:url\" content=\"https:\/\/yrek.pl\/index.php\/oferta-wnetrza\/\" \/>\n<meta property=\"og:site_name\" content=\"YREK\" \/>\n<meta property=\"article:modified_time\" content=\"2019-10-22T09:29:59+00:00\" \/>\n<meta property=\"og:image\" content=\"http:\/\/yrek.pl\/wp-content\/uploads\/2019\/10\/1-6-1024x576.jpg\" \/>\n<meta name=\"twitter:card\" content=\"summary_large_image\" \/>\n<meta name=\"twitter:label1\" content=\"Szacowany czas czytania\" \/>\n\t<meta name=\"twitter:data1\" content=\"4 minuty\" \/>\n<script type=\"application\/ld+json\" class=\"yoast-schema-graph\">{\"@context\":\"https:\\\/\\\/schema.org\",\"@graph\":[{\"@type\":\"WebPage\",\"@id\":\"https:\\\/\\\/yrek.pl\\\/index.php\\\/oferta-wnetrza\\\/\",\"url\":\"https:\\\/\\\/yrek.pl\\\/index.php\\\/oferta-wnetrza\\\/\",\"name\":\"Oferta wn\u0119trza - YREK\",\"isPartOf\":{\"@id\":\"https:\\\/\\\/yrek.pl\\\/#website\"},\"primaryImageOfPage\":{\"@id\":\"https:\\\/\\\/yrek.pl\\\/index.php\\\/oferta-wnetrza\\\/#primaryimage\"},\"image\":{\"@id\":\"https:\\\/\\\/yrek.pl\\\/index.php\\\/oferta-wnetrza\\\/#primaryimage\"},\"thumbnailUrl\":\"http:\\\/\\\/yrek.pl\\\/wp-content\\\/uploads\\\/2019\\\/10\\\/1-6-1024x576.jpg\",\"datePublished\":\"2019-10-11T11:28:02+00:00\",\"dateModified\":\"2019-10-22T09:29:59+00:00\",\"breadcrumb\":{\"@id\":\"https:\\\/\\\/yrek.pl\\\/index.php\\\/oferta-wnetrza\\\/#breadcrumb\"},\"inLanguage\":\"pl-PL\",\"potentialAction\":[{\"@type\":\"ReadAction\",\"target\":[\"https:\\\/\\\/yrek.pl\\\/index.php\\\/oferta-wnetrza\\\/\"]}]},{\"@type\":\"ImageObject\",\"inLanguage\":\"pl-PL\",\"@id\":\"https:\\\/\\\/yrek.pl\\\/index.php\\\/oferta-wnetrza\\\/#primaryimage\",\"url\":\"https:\\\/\\\/yrek.pl\\\/wp-content\\\/uploads\\\/2019\\\/10\\\/1-6.jpg\",\"contentUrl\":\"https:\\\/\\\/yrek.pl\\\/wp-content\\\/uploads\\\/2019\\\/10\\\/1-6.jpg\",\"width\":1920,\"height\":1080,\"caption\":\"Aran\u017cacja domu jednorodzinnego\"},{\"@type\":\"BreadcrumbList\",\"@id\":\"https:\\\/\\\/yrek.pl\\\/index.php\\\/oferta-wnetrza\\\/#breadcrumb\",\"itemListElement\":[{\"@type\":\"ListItem\",\"position\":1,\"name\":\"Strona g\u0142\u00f3wna\",\"item\":\"https:\\\/\\\/yrek.pl\\\/\"},{\"@type\":\"ListItem\",\"position\":2,\"name\":\"Oferta wn\u0119trza\"}]},{\"@type\":\"WebSite\",\"@id\":\"https:\\\/\\\/yrek.pl\\\/#website\",\"url\":\"https:\\\/\\\/yrek.pl\\\/\",\"name\":\"YREK\",\"description\":\"Projekty wn\u0119trz i elewacji,  Projekty elewacji Bochnia,  Projekty elewacji Brzesko,  Projekty elewacji Ma\u0142opolska,  Projekty elewacji Krak\u00f3w,  Projekty elewacji online,  Projekty wn\u0119trz Bochnia,  Projekty wn\u0119trz Brzesko,  Projekty wn\u0119trz Krak\u00f3w,  Studio Projektowe Bochnia,  Studio projektowe Brzesko,  Studio Projektowe,  Yrek studio projektowe,  Yrek projekty wn\u0119trz,  projekt elewacji\",\"potentialAction\":[{\"@type\":\"SearchAction\",\"target\":{\"@type\":\"EntryPoint\",\"urlTemplate\":\"https:\\\/\\\/yrek.pl\\\/?s={search_term_string}\"},\"query-input\":{\"@type\":\"PropertyValueSpecification\",\"valueRequired\":true,\"valueName\":\"search_term_string\"}}],\"inLanguage\":\"pl-PL\"}]}<\/script>\n<!-- \/ Yoast SEO plugin. -->","yoast_head_json":{"title":"Oferta wn\u0119trza - YREK","robots":{"index":"index","follow":"follow","max-snippet":"max-snippet:-1","max-image-preview":"max-image-preview:large","max-video-preview":"max-video-preview:-1"},"canonical":"https:\/\/yrek.pl\/index.php\/oferta-wnetrza\/","og_locale":"pl_PL","og_type":"article","og_title":"Oferta wn\u0119trza - YREK","og_description":"&nbsp; OFERTA Projektu wn\u0119trz Do ka\u017cdego zlecenia podchodzimy w indywidualny spos\u00f3b zawsze pracuj\u0105c z pasj\u0105 i zaanga\u017cowaniem. Podczas prac projektowych pozostajemy w sta\u0142ym kontakcie z Inwestorem, dbaj\u0105c o to, aby zaprojektowane wn\u0119trze nie tylko by\u0142o atrakcyjne i ergonomiczne, ale tak\u017ce odpowiada\u0142o potrzebom i oczekiwaniom przysz\u0142ych u\u017cytkownik\u00f3w. &nbsp; Zakres us\u0142ug Us\u0142ugi naszego biura dostosowujemy do indywidualnych [&hellip;]","og_url":"https:\/\/yrek.pl\/index.php\/oferta-wnetrza\/","og_site_name":"YREK","article_modified_time":"2019-10-22T09:29:59+00:00","og_image":[{"url":"http:\/\/yrek.pl\/wp-content\/uploads\/2019\/10\/1-6-1024x576.jpg","type":"","width":"","height":""}],"twitter_card":"summary_large_image","twitter_misc":{"Szacowany czas czytania":"4 minuty"},"schema":{"@context":"https:\/\/schema.org","@graph":[{"@type":"WebPage","@id":"https:\/\/yrek.pl\/index.php\/oferta-wnetrza\/","url":"https:\/\/yrek.pl\/index.php\/oferta-wnetrza\/","name":"Oferta wn\u0119trza - YREK","isPartOf":{"@id":"https:\/\/yrek.pl\/#website"},"primaryImageOfPage":{"@id":"https:\/\/yrek.pl\/index.php\/oferta-wnetrza\/#primaryimage"},"image":{"@id":"https:\/\/yrek.pl\/index.php\/oferta-wnetrza\/#primaryimage"},"thumbnailUrl":"http:\/\/yrek.pl\/wp-content\/uploads\/2019\/10\/1-6-1024x576.jpg","datePublished":"2019-10-11T11:28:02+00:00","dateModified":"2019-10-22T09:29:59+00:00","breadcrumb":{"@id":"https:\/\/yrek.pl\/index.php\/oferta-wnetrza\/#breadcrumb"},"inLanguage":"pl-PL","potentialAction":[{"@type":"ReadAction","target":["https:\/\/yrek.pl\/index.php\/oferta-wnetrza\/"]}]},{"@type":"ImageObject","inLanguage":"pl-PL","@id":"https:\/\/yrek.pl\/index.php\/oferta-wnetrza\/#primaryimage","url":"https:\/\/yrek.pl\/wp-content\/uploads\/2019\/10\/1-6.jpg","contentUrl":"https:\/\/yrek.pl\/wp-content\/uploads\/2019\/10\/1-6.jpg","width":1920,"height":1080,"caption":"Aran\u017cacja domu jednorodzinnego"},{"@type":"BreadcrumbList","@id":"https:\/\/yrek.pl\/index.php\/oferta-wnetrza\/#breadcrumb","itemListElement":[{"@type":"ListItem","position":1,"name":"Strona g\u0142\u00f3wna","item":"https:\/\/yrek.pl\/"},{"@type":"ListItem","position":2,"name":"Oferta wn\u0119trza"}]},{"@type":"WebSite","@id":"https:\/\/yrek.pl\/#website","url":"https:\/\/yrek.pl\/","name":"YREK","description":"Projekty wn\u0119trz i elewacji,  Projekty elewacji Bochnia,  Projekty elewacji Brzesko,  Projekty elewacji Ma\u0142opolska,  Projekty elewacji Krak\u00f3w,  Projekty elewacji online,  Projekty wn\u0119trz Bochnia,  Projekty wn\u0119trz Brzesko,  Projekty wn\u0119trz Krak\u00f3w,  Studio Projektowe Bochnia,  Studio projektowe Brzesko,  Studio Projektowe,  Yrek studio projektowe,  Yrek projekty wn\u0119trz,  projekt elewacji","potentialAction":[{"@type":"SearchAction","target":{"@type":"EntryPoint","urlTemplate":"https:\/\/yrek.pl\/?s={search_term_string}"},"query-input":{"@type":"PropertyValueSpecification","valueRequired":true,"valueName":"search_term_string"}}],"inLanguage":"pl-PL"}]}},"_links":{"self":[{"href":"https:\/\/yrek.pl\/index.php\/wp-json\/wp\/v2\/pages\/1567","targetHints":{"allow":["GET"]}}],"collection":[{"href":"https:\/\/yrek.pl\/index.php\/wp-json\/wp\/v2\/pages"}],"about":[{"href":"https:\/\/yrek.pl\/index.php\/wp-json\/wp\/v2\/types\/page"}],"author":[{"embeddable":true,"href":"https:\/\/yrek.pl\/index.php\/wp-json\/wp\/v2\/users\/1"}],"replies":[{"embeddable":true,"href":"https:\/\/yrek.pl\/index.php\/wp-json\/wp\/v2\/comments?post=1567"}],"version-history":[{"count":0,"href":"https:\/\/yrek.pl\/index.php\/wp-json\/wp\/v2\/pages\/1567\/revisions"}],"wp:attachment":[{"href":"https:\/\/yrek.pl\/index.php\/wp-json\/wp\/v2\/media?parent=1567"}],"curies":[{"name":"wp","href":"https:\/\/api.w.org\/{rel}","templated":true}]}}